{"id":819,"date":"2023-04-02T01:23:31","date_gmt":"2023-04-02T01:23:31","guid":{"rendered":"https:\/\/pensiuneapopan.ro\/politica-de-privacidad\/"},"modified":"2023-05-16T22:18:57","modified_gmt":"2023-05-16T22:18:57","slug":"politica-de-privacidad","status":"publish","type":"page","link":"https:\/\/pensiuneapopan.ro\/es\/politica-de-privacidad\/","title":{"rendered":"Pol\u00edtica de privacidad"},"content":{"rendered":"\r\n<p>La pol\u00edtica de privacidad del sitio web www.pensiuneapopan.ro<\/p>\r\n<p>La pol\u00edtica de privacidad le informa sobre la informaci\u00f3n que recopilamos de usted cuando utiliza nuestro sitio web. Al recopilar esta informaci\u00f3n, actuamos como controladores de datos personales y estamos obligados por ley a brindarle informaci\u00f3n sobre nosotros, el prop\u00f3sito y la manera en que usamos sus datos y los derechos que tiene sobre sus datos personales.<\/p>\r\n<p>Nuestra pol\u00edtica y pr\u00e1cticas de protecci\u00f3n de datos se centran en el procesamiento, el intercambio y el almacenamiento adecuados y legales de la informaci\u00f3n personal, al tiempo que garantizan la confidencialidad, la integridad y la disponibilidad.<\/p>\r\n<p>Por lo tanto, al leer la pol\u00edtica de privacidad, conocer\u00e1 todos sus derechos y toda la informaci\u00f3n relacionada con el procesamiento de datos personales.<\/p>\r\n<p>La pol\u00edtica de privacidad de datos se basa en los siguientes principios de protecci\u00f3n de datos:<\/p>\r\n<p>El tratamiento de los datos personales se har\u00e1 de manera l\u00edcita, leal y transparente;<br \/>Los datos personales solo se recopilar\u00e1n para fines espec\u00edficos, expl\u00edcitos y leg\u00edtimos y los datos no se procesar\u00e1n de manera incompatible con esos fines;<br \/>La recogida de datos personales ser\u00e1 adecuada, pertinente y limitada a la informaci\u00f3n necesaria para la finalidad del tratamiento;<br \/>Los datos personales ser\u00e1n reales y, en su caso, actualizados;<br \/>Se tomar\u00e1n todas las medidas razonables para garantizar que los datos incorrectos se eliminen o corrijan sin demora;<br \/>Los datos personales se conservar\u00e1n en una forma que permita la identificaci\u00f3n del titular de los datos y por un plazo no mayor a aqu\u00e9l en que se traten los datos personales;<br \/>Todos los datos personales se mantendr\u00e1n confidenciales y se almacenar\u00e1n de manera que se garantice la seguridad necesaria;<br \/>Los datos personales no se compartir\u00e1n con terceros a menos que sea necesario para la prestaci\u00f3n de servicios;<br \/>Los interesados \u200b\u200btienen derecho a solicitar el acceso a los datos personales, su rectificaci\u00f3n y supresi\u00f3n, oposici\u00f3n o limitaci\u00f3n al tratamiento de los datos, as\u00ed como el derecho a la portabilidad de los datos.<\/p>\r\n<p>Informaci\u00f3n personal:<\/p>\r\n<p>Por datos personales se entiende cualquier informaci\u00f3n que pueda vincularse a una persona f\u00edsica identificada o identificable (sujeto de datos). Los datos personales incluyen todo tipo de informaci\u00f3n directa o indirectamente (es decir, utilizada en conexi\u00f3n con otros datos) relacionada con el sujeto, como nombre, fecha de nacimiento, direcciones, direcciones de correo electr\u00f3nico, n\u00fameros de tel\u00e9fono, etc.<\/p>\r\n<p>\u00bfQuienes somos?<\/p>\r\n<table width=\"1250\">\r\n<tbody>\r\n<tr>\r\n<td width=\"416\">\r\n<p>Nombre de la Organizaci\u00f3n:<\/p>\r\n<\/td>\r\n<td width=\"834\">\r\n<p>Pesiunea Popan VT SRL<\/p>\r\n<\/td>\r\n<\/tr>\r\n<tr>\r\n<td width=\"416\">\r\n<p>N\u00famero de inscripci\u00f3n en el Registro Mercantil:<\/p>\r\n<\/td>\r\n<td width=\"834\">\r\n<p>J12\/185\/2016<\/p>\r\n<\/td>\r\n<\/tr>\r\n<tr>\r\n<td width=\"416\">\r\n<p>C\u00f3digo de identificaci\u00f3n \u00fanico:<\/p>\r\n<\/td>\r\n<td width=\"834\">\r\n<p>RO35435849<\/p>\r\n<\/td>\r\n<\/tr>\r\n<tr>\r\n<td width=\"416\">\r\n<p>Direcci\u00f3n de las oficinas centrales:<\/p>\r\n<\/td>\r\n<td width=\"834\">\r\n<p>Cluj Napoca, str.Ghe.Marinescu nr.9<\/p>\r\n<\/td>\r\n<\/tr>\r\n<tr>\r\n<td width=\"416\">\r\n<p><strong>E-mail:<\/strong><\/p>\r\n<\/td>\r\n<td width=\"834\">\r\n<p><a href=\"mailto:contact@pensiuneapopan.ro\">contact@pensiuneapopan.ro<\/a><\/p>\r\n<\/td>\r\n<\/tr>\r\n<tr>\r\n<td width=\"416\">\r\n<p>Tel\u00e9fono:<\/p>\r\n<\/td>\r\n<td width=\"834\">\r\n<p>(+40 740 00 45 34<\/p>\r\n<\/td>\r\n<\/tr>\r\n<\/tbody>\r\n<\/table>\r\n<p>No tenemos la obligaci\u00f3n de designar un oficial de protecci\u00f3n de datos personales, por lo que cualquier pregunta sobre el uso de sus datos personales debe dirigirse a los datos de contacto anteriores.<\/p>\r\n<p>\u00bfC\u00f3mo usamos su informaci\u00f3n?<\/p>\r\n<p>2.1. Cuando utiliza nuestro sitio web<\/p>\r\n<p>Cuando utiliza nuestro sitio web para buscar nuestros productos y servicios y para ver la informaci\u00f3n que ponemos a su disposici\u00f3n, nosotros (cookies propias) y terceros (cookies de terceros) utilizamos una serie de cookies para permitir que el sitio web funcione. para recopilar informaci\u00f3n \u00fatil sobre los visitantes y brindarle la mejor experiencia posible al usar nuestro sitio web.<\/p>\r\n<p>2.2. \u00bfQu\u00e9 son las galletas?<\/p>\r\n<p>Las cookies son peque\u00f1os archivos de texto que se colocan en el dispositivo del usuario para rastrear el uso y registrar las preferencias. Nuestras cookies no contienen informaci\u00f3n que pueda identificar a las personas. Recopilamos cierta informaci\u00f3n automatizada mediante el uso de cookies y tecnolog\u00edas de seguimiento, como direcciones de Protocolo de Internet (IP), tipo de navegador, proveedor de servicios de Internet (ISP), p\u00e1ginas de referencia\/salida, p\u00e1ginas vistas en nuestro sitio (por ejemplo, p\u00e1ginas HTML, gr\u00e1ficos), sistema operativo, fecha\/hora y\/o serie de clics para analizar la tendencia en su conjunto y administrar el sitio. Los usuarios del sitio pueden controlar el uso de cookies a nivel del navegador, pero si el usuario decide deshabilitar las cookies, esta acci\u00f3n resultar\u00e1 en una limitaci\u00f3n de ciertas caracter\u00edsticas y funciones en nuestro sitio web y servicios.<\/p>\r\n<p>Algunas de las cookies que utilizamos son estrictamente necesarias para que nuestro sitio web funcione y no solicitamos su consentimiento para colocarlas en su computadora Estas cookies se enumeran a continuaci\u00f3n.<\/p>\r\n<p>Para obtener m\u00e1s informaci\u00f3n sobre el uso de cookies, consulte ,<\/p>\r\n<p>\u2026\u00bfQU\u00c9 ESCRIBO AQU\u00cd?\u2026\u2026\u2026\u2026..<\/p>\r\n<p>2.3. Cuando env\u00eda una solicitud a trav\u00e9s de nuestro sitio web<\/p>\r\n<p>Cuando env\u00eda una solicitud o mensaje a trav\u00e9s de nuestro sitio, le pedimos su nombre y direcci\u00f3n de correo electr\u00f3nico o tel\u00e9fono\/fax.<\/p>\r\n<p>Usamos esta informaci\u00f3n para responder a su solicitud. Podemos enviarle correos electr\u00f3nicos varias veces despu\u00e9s de que haya realizado una solicitud para asegurarnos de que hemos respondido a su pregunta y para mejorar la experiencia de nuestros usuarios.<\/p>\r\n<p>Su solicitud se almacena y procesa durante 3 a\u00f1os por razones de seguridad, luego de lo cual se eliminar\u00e1 junto con su nombre y direcci\u00f3n de correo electr\u00f3nico o tel\u00e9fono\/fax como se detalla a continuaci\u00f3n. Los datos personales recopilados ya no se divulgan a otras personas.<\/p>\r\n<p>No utilizamos la informaci\u00f3n que nos facilita a trav\u00e9s del formulario de contacto para tomar decisiones automatizadas que puedan afectarle.<\/p>\r\n<p>Conservamos los correos electr\u00f3nicos de solicitud durante tres a\u00f1os, luego de lo cual se archivan de forma segura y se conservan durante cinco a\u00f1os, cuando los eliminamos. No se realizan registros de tipo CRM a trav\u00e9s del sitio. CRM es el acr\u00f3nimo de Customer Relationship Management, que se traduce al rumano como Customer Relationship Management. Un CRM es un producto de software, una herramienta destinada a mejorar continuamente la relaci\u00f3n con los clientes. Atiende a una estrategia empresarial moderna que se centra en el cliente y en el conocimiento de sus necesidades y requerimientos. El prop\u00f3sito de un sistema CRM es administrar la informaci\u00f3n relacionada con los clientes o prospectos de manera unificada y aumentar su satisfacci\u00f3n.<\/p>\r\n<p>2.4. Suscripci\u00f3n a nuestro bolet\u00edn<\/p>\r\n<p>Cuando env\u00eda una solicitud para suscribirse a nuestro bolet\u00edn de noticias, le solicitamos su direcci\u00f3n de correo electr\u00f3nico.<\/p>\r\n<p>Tambi\u00e9n consultar\u00e1 un Acuerdo de comunicaci\u00f3n comercial que le mostrar\u00e1 brevemente las categor\u00edas de datos procesados, la duraci\u00f3n del almacenamiento y sus derechos, en caso de que haya saltado la lectura de esta pol\u00edtica de privacidad.<\/p>\r\n<p>Utilizamos esta informaci\u00f3n para enviarte las \u00faltimas noticias, proyectos y otra informaci\u00f3n de inter\u00e9s.<\/p>\r\n<p>Al suscribirse al bolet\u00edn, los datos se almacenan y procesan hasta que retire su consentimiento. Puede retirar su consentimiento en cualquier momento mediante una solicitud enviada a su direcci\u00f3n de correo electr\u00f3nico o haciendo clic en el cuadro de cancelaci\u00f3n de suscripci\u00f3n al final de cada bolet\u00edn que le enviamos. Los datos personales recopilados ya no se divulgan a otras personas.<\/p>\r\n<p>Tus derechos como interesado<\/p>\r\n<p>Puede preguntarnos qu\u00e9 informaci\u00f3n tenemos sobre usted y pedirnos que la corrijamos si es inexacta. Si le hemos pedido su consentimiento para procesar sus datos personales, puede retirar este consentimiento en cualquier momento.<\/p>\r\n<p>Si procesamos sus datos personales para realizar un contrato o en base al consentimiento, puede solicitarnos que le proporcionemos una copia de la informaci\u00f3n en un formato legible por humanos para que pueda transferirla a otro proveedor.<\/p>\r\n<p>Si procesamos sus datos personales en base a su consentimiento o inter\u00e9s leg\u00edtimo, puede solicitar la eliminaci\u00f3n de sus datos.<\/p>\r\n<p>Tiene derecho a pedirnos que dejemos de usar su informaci\u00f3n durante un per\u00edodo de tiempo si cree que no lo estamos haciendo de manera legal.<\/p>\r\n<p>Finalmente, en determinadas circunstancias, puede solicitarnos que no tomemos decisiones que le afecten mediante el tratamiento automatizado o la elaboraci\u00f3n de perfiles.<\/p>\r\n<p>Todos los derechos indicados se pueden concluir de la siguiente manera: el derecho de acceso a los datos personales, su rectificaci\u00f3n o supresi\u00f3n, la limitaci\u00f3n del tratamiento o el derecho a oponerse al tratamiento, as\u00ed como el derecho a la portabilidad de los datos. La portabilidad de datos significa que puede solicitarnos que transfiramos todos los datos que tenemos a otra persona que usted indique expresamente.<\/p>\r\n<p>Para enviar una solicitud con respecto a sus datos personales por correo electr\u00f3nico, correo postal o tel\u00e9fono, utilice la informaci\u00f3n de contacto proporcionada anteriormente en la secci\u00f3n Acerca de nosotros de esta pol\u00edtica. Responderemos a sus solicitudes en un plazo m\u00e1ximo de 30 d\u00edas desde la fecha de la solicitud.<\/p>\r\n<p>El derecho a presentar una denuncia<\/p>\r\n<p>Si tiene una queja sobre el uso que hacemos de su informaci\u00f3n, preferimos que se comunique con nosotros primero para que podamos remediar la queja de manera amistosa. Sin embargo, tambi\u00e9n puede comunicarse con la Autoridad Nacional para la Supervisi\u00f3n del Procesamiento de Datos Personales para Informaci\u00f3n a trav\u00e9s de su sitio web en http:\/\/www.dataprotection.ro\/ o escribirles a:<\/p>\r\n<p>Blvd. G-ral Gheorghe Magheru 28-30, Sector 1, c\u00f3digo postal 010336, Bucarest, Ruman\u00eda<\/p>\r\n<p>Transferencia de datos personales a un tercer pa\u00eds<\/p>\r\n<p>No tenemos la intenci\u00f3n de transferir datos personales a un tercer pa\u00eds o fuera de la UE o una organizaci\u00f3n internacional. Si esto ocurre, se le notificar\u00e1 de ello con el fin de que preste su consentimiento o le indique las garant\u00edas adecuadas que aseguren el mismo est\u00e1ndar de protecci\u00f3n del tratamiento de datos personales.<\/p>\r\n<p>Divulgaci\u00f3n de datos personales<\/p>\r\n<p>Los datos personales no se divulgar\u00e1n a terceros, excepto en situaciones en las que la divulgaci\u00f3n sea necesaria para poder ofrecer nuestros servicios. Ocasionalmente firmamos contratos con otras empresas y socios comerciales que trabajan en nuestro nombre, como empresas t\u00e9cnicas para el procesamiento y entrega de sistemas y tecnolog\u00edas que desarrollan nuestros productos y servicios, y en estos casos divulgaremos la informaci\u00f3n necesaria. Los proveedores de servicios solo podr\u00e1n obtener los datos personales necesarios para prestar sus servicios. No divulgaremos datos personales a terceros con el fin de permitirles comercializar sus productos y servicios a nuestros clientes. Si los usuarios no desean que divulguemos datos personales a estas empresas, se les solicita que se comuniquen con nosotros a la direcci\u00f3n de correo electr\u00f3nico indicada anteriormente contact@pensiuneapopan.ro.<\/p>\r\n<p>En determinadas situaciones, es posible que debamos divulgar datos personales en respuesta a solicitudes de las autoridades supervisoras para cumplir con los requisitos legales. Tambi\u00e9n divulgaremos informaci\u00f3n personal si as\u00ed lo exige la ley, por ejemplo, para cumplir con una citaci\u00f3n u otro proceso legal, cuando creamos de buena fe que la divulgaci\u00f3n es necesaria para proteger nuestros derechos, la seguridad de nuestros clientes o la seguridad de los dem\u00e1s, la fraude de investigaci\u00f3n o en respuesta a una solicitud de las autoridades p\u00fablicas.<\/p>\r\n<p>Seguridad de procesamiento<\/p>\r\n<p>Procesaremos los datos de forma segura, aplica<\/p>\r\n<p>E-mailurile de marketing con\u021bin informa\u021bii pe care le consider\u0103m interesante pentru dumneavoastr\u0103, at\u00e2t c\u00e2t \u0219i \u0219tiri de ultim\u0103 or\u0103 legate de produsele \u0219i serviciile noastre.<\/p>\r\n<ol start=\"8\">\r\n<li>Actualiz\u0103ri la aceast\u0103 politic\u0103 de confiden\u021bialitate<\/li>\r\n<\/ol>\r\n<p>Revizuim regulat \u0219i, dac\u0103 este cazul, actualiz\u0103m periodic aceast\u0103 politic\u0103 de confiden\u021bialitate atunci c\u00e2nd intervin modific\u0103ri \u00een urma prest\u0103rii de servicii. Dac\u0103 vrem s\u0103 folosim datele dvs. personale \u00eentr-un mod pe care nu l-am identificat anterior, v\u0103 vom contacta pentru a v\u0103 oferi informa\u021bii despre acest lucru \u0219i, dac\u0103 este necesar, pentru a v\u0103 solicita acordul.<\/p>\r\n<p>Vom actualiza num\u0103rul versiunii \u0219i data acestui document de fiecare dat\u0103 c\u00e2nd acesta este modificat.<\/p>\r\n<p>y mantiene medidas t\u00e9cnicas adecuadas para proteger los datos personales contra la destrucci\u00f3n o p\u00e9rdida accidental o ilegal, alteraci\u00f3n, divulgaci\u00f3n o acceso no autorizado, en particular cuando el procesamiento implica la transmisi\u00f3n de datos a trav\u00e9s de una red, as\u00ed como contra cualquier otra forma de procesamiento ilegal. Las preguntas relacionadas con la seguridad de los datos personales pueden enviarse a la direcci\u00f3n de correo electr\u00f3nico indicada anteriormente<\/p>\r\n<p>Espec\u00edficamente, los datos en este sitio se recopilan de forma segura a trav\u00e9s de HTTPS sobre TLS v1.3, se almacenan en Mailchimp, Google Drive, Dropbox y tambi\u00e9n se procesan manualmente desde el medio de almacenamiento.<\/p>\r\n<p>Solo se pueden enviar correos electr\u00f3nicos de marketing con su consentimiento expreso. Esta forma espec\u00edfica de consentimiento debe ser otorgada libremente, de manera espec\u00edfica y precisa. Estas solicitudes se cumplen cuando ha optado por recibir correos electr\u00f3nicos de marketing (ha dado su consentimiento activamente).<\/p>\r\n<p>Siempre tendr\u00e1 derecho a oponerse, previa solicitud y de forma gratuita, al procesamiento de datos personales con fines de marketing directo sin tener que proporcionar justificaciones concretas.<\/p>\r\n<table width=\"1250\">\r\n<tbody>\r\n<tr>\r\n<td width=\"625\">\r\n<p>Pol\u00edtica aprobada el:<\/p>\r\n<\/td>\r\n<td width=\"625\">\r\n<p><strong>15\/05\/2023<\/strong><\/p>\r\n<\/td>\r\n<\/tr>\r\n<tr>\r\n<td width=\"625\">\r\n<p>La pol\u00edtica entra en vigencia a partir de:<\/p>\r\n<\/td>\r\n<td width=\"625\">\r\n<p><strong>15\/05\/2023<\/strong><\/p>\r\n<\/td>\r\n<\/tr>\r\n<tr>\r\n<td width=\"625\">\r\n<p>La pr\u00f3xima revisi\u00f3n tendr\u00e1 lugar el:<\/p>\r\n<\/td>\r\n<td width=\"625\">\r\n<p><strong>15\/05\/2026<\/strong><\/p>\r\n<\/td>\r\n<\/tr>\r\n<\/tbody>\r\n<\/table>\r\n<p>Nuestra pol\u00edtica y pr\u00e1cticas de protecci\u00f3n de datos se centran en el procesamiento, el intercambio y el almacenamiento adecuados y legales de la informaci\u00f3n personal, al tiempo que garantizan la confidencialidad, la integridad y la disponibilidad.<\/p>\r\n<p>Nuestro sitio web cumple con el Reglamento General de Protecci\u00f3n de Datos (\u00abGDPR\u00bb), (Reglamento (UE) 2016\/679).<\/p>\r\n<p>Gracias por su inter\u00e9s en el sitio web wwwpensiuneapopan.ro<\/p>\r\n<p>Si tiene m\u00e1s preguntas sobre c\u00f3mo se procesan los datos personales, cont\u00e1ctenos por correo postal a la direcci\u00f3n indicada anteriormente<\/p>\r\n","protected":false},"excerpt":{"rendered":"<p>La pol\u00edtica de privacidad del sitio web www.pensiuneapopan.ro La pol\u00edtica de privacidad le informa sobre la informaci\u00f3n que recopilamos de usted cuando utiliza nuestro sitio web. Al recopilar esta informaci\u00f3n, actuamos como controladores de datos personales y estamos obligados por ley a brindarle informaci\u00f3n sobre nosotros, el prop\u00f3sito y la manera en que usamos sus [&hellip;]<\/p>\n","protected":false},"author":1,"featured_media":0,"parent":0,"menu_order":10,"comment_status":"closed","ping_status":"closed","template":"","meta":{"footnotes":""},"class_list":["post-819","page","type-page","status-publish","hentry"],"acf":[],"yoast_head":"<!-- This site is optimized with the Yoast SEO plugin v21.8 - https:\/\/yoast.com\/wordpress\/plugins\/seo\/ -->\n<title>Pol\u00edtica de privacidad - Pensiunea Popan<\/title>\n<meta name=\"robots\" content=\"index, follow, max-snippet:-1, max-image-preview:large, max-video-preview:-1\" \/>\n<link rel=\"canonical\" href=\"https:\/\/pensiuneapopan.ro\/es\/politica-de-privacidad\/\" \/>\n<meta property=\"og:locale\" content=\"es_ES\" \/>\n<meta property=\"og:type\" content=\"article\" \/>\n<meta property=\"og:title\" content=\"Pol\u00edtica de privacidad - Pensiunea Popan\" \/>\n<meta property=\"og:description\" content=\"La pol\u00edtica de privacidad del sitio web www.pensiuneapopan.ro La pol\u00edtica de privacidad le informa sobre la informaci\u00f3n que recopilamos de usted cuando utiliza nuestro sitio web. Al recopilar esta informaci\u00f3n, actuamos como controladores de datos personales y estamos obligados por ley a brindarle informaci\u00f3n sobre nosotros, el prop\u00f3sito y la manera en que usamos sus [&hellip;]\" \/>\n<meta property=\"og:url\" content=\"https:\/\/pensiuneapopan.ro\/es\/politica-de-privacidad\/\" \/>\n<meta property=\"og:site_name\" content=\"Pensiunea Popan\" \/>\n<meta property=\"article:modified_time\" content=\"2023-05-16T22:18:57+00:00\" \/>\n<meta name=\"twitter:card\" content=\"summary_large_image\" \/>\n<meta name=\"twitter:label1\" content=\"Tiempo de lectura\" \/>\n\t<meta name=\"twitter:data1\" content=\"12 minutos\" \/>\n<script type=\"application\/ld+json\" class=\"yoast-schema-graph\">{\"@context\":\"https:\/\/schema.org\",\"@graph\":[{\"@type\":\"WebPage\",\"@id\":\"https:\/\/pensiuneapopan.ro\/es\/politica-de-privacidad\/\",\"url\":\"https:\/\/pensiuneapopan.ro\/es\/politica-de-privacidad\/\",\"name\":\"Pol\u00edtica de privacidad - Pensiunea Popan\",\"isPartOf\":{\"@id\":\"https:\/\/pensiuneapopan.ro\/es\/#website\"},\"datePublished\":\"2023-04-02T01:23:31+00:00\",\"dateModified\":\"2023-05-16T22:18:57+00:00\",\"breadcrumb\":{\"@id\":\"https:\/\/pensiuneapopan.ro\/es\/politica-de-privacidad\/#breadcrumb\"},\"inLanguage\":\"es\",\"potentialAction\":[{\"@type\":\"ReadAction\",\"target\":[\"https:\/\/pensiuneapopan.ro\/es\/politica-de-privacidad\/\"]}]},{\"@type\":\"BreadcrumbList\",\"@id\":\"https:\/\/pensiuneapopan.ro\/es\/politica-de-privacidad\/#breadcrumb\",\"itemListElement\":[{\"@type\":\"ListItem\",\"position\":1,\"name\":\"Prima pagin\u0103\",\"item\":\"https:\/\/pensiuneapopan.ro\/es\/inicio\/\"},{\"@type\":\"ListItem\",\"position\":2,\"name\":\"Pol\u00edtica de privacidad\"}]},{\"@type\":\"WebSite\",\"@id\":\"https:\/\/pensiuneapopan.ro\/es\/#website\",\"url\":\"https:\/\/pensiuneapopan.ro\/es\/\",\"name\":\"Pensiunea Popan\",\"description\":\"Cazare in Cluj Napoca\",\"publisher\":{\"@id\":\"https:\/\/pensiuneapopan.ro\/es\/#organization\"},\"potentialAction\":[{\"@type\":\"SearchAction\",\"target\":{\"@type\":\"EntryPoint\",\"urlTemplate\":\"https:\/\/pensiuneapopan.ro\/es\/?s={search_term_string}\"},\"query-input\":\"required name=search_term_string\"}],\"inLanguage\":\"es\"},{\"@type\":\"Organization\",\"@id\":\"https:\/\/pensiuneapopan.ro\/es\/#organization\",\"name\":\"Pensiunea Popan\",\"url\":\"https:\/\/pensiuneapopan.ro\/es\/\",\"logo\":{\"@type\":\"ImageObject\",\"inLanguage\":\"es\",\"@id\":\"https:\/\/pensiuneapopan.ro\/es\/#\/schema\/logo\/image\/\",\"url\":\"https:\/\/pensiuneapopan.ro\/wp-content\/uploads\/2023\/04\/logo_popan.svg\",\"contentUrl\":\"https:\/\/pensiuneapopan.ro\/wp-content\/uploads\/2023\/04\/logo_popan.svg\",\"width\":469,\"height\":147,\"caption\":\"Pensiunea Popan\"},\"image\":{\"@id\":\"https:\/\/pensiuneapopan.ro\/es\/#\/schema\/logo\/image\/\"}}]}<\/script>\n<!-- \/ Yoast SEO plugin. -->","yoast_head_json":{"title":"Pol\u00edtica de privacidad - Pensiunea Popan","robots":{"index":"index","follow":"follow","max-snippet":"max-snippet:-1","max-image-preview":"max-image-preview:large","max-video-preview":"max-video-preview:-1"},"canonical":"https:\/\/pensiuneapopan.ro\/es\/politica-de-privacidad\/","og_locale":"es_ES","og_type":"article","og_title":"Pol\u00edtica de privacidad - Pensiunea Popan","og_description":"La pol\u00edtica de privacidad del sitio web www.pensiuneapopan.ro La pol\u00edtica de privacidad le informa sobre la informaci\u00f3n que recopilamos de usted cuando utiliza nuestro sitio web. Al recopilar esta informaci\u00f3n, actuamos como controladores de datos personales y estamos obligados por ley a brindarle informaci\u00f3n sobre nosotros, el prop\u00f3sito y la manera en que usamos sus [&hellip;]","og_url":"https:\/\/pensiuneapopan.ro\/es\/politica-de-privacidad\/","og_site_name":"Pensiunea Popan","article_modified_time":"2023-05-16T22:18:57+00:00","twitter_card":"summary_large_image","twitter_misc":{"Tiempo de lectura":"12 minutos"},"schema":{"@context":"https:\/\/schema.org","@graph":[{"@type":"WebPage","@id":"https:\/\/pensiuneapopan.ro\/es\/politica-de-privacidad\/","url":"https:\/\/pensiuneapopan.ro\/es\/politica-de-privacidad\/","name":"Pol\u00edtica de privacidad - Pensiunea Popan","isPartOf":{"@id":"https:\/\/pensiuneapopan.ro\/es\/#website"},"datePublished":"2023-04-02T01:23:31+00:00","dateModified":"2023-05-16T22:18:57+00:00","breadcrumb":{"@id":"https:\/\/pensiuneapopan.ro\/es\/politica-de-privacidad\/#breadcrumb"},"inLanguage":"es","potentialAction":[{"@type":"ReadAction","target":["https:\/\/pensiuneapopan.ro\/es\/politica-de-privacidad\/"]}]},{"@type":"BreadcrumbList","@id":"https:\/\/pensiuneapopan.ro\/es\/politica-de-privacidad\/#breadcrumb","itemListElement":[{"@type":"ListItem","position":1,"name":"Prima pagin\u0103","item":"https:\/\/pensiuneapopan.ro\/es\/inicio\/"},{"@type":"ListItem","position":2,"name":"Pol\u00edtica de privacidad"}]},{"@type":"WebSite","@id":"https:\/\/pensiuneapopan.ro\/es\/#website","url":"https:\/\/pensiuneapopan.ro\/es\/","name":"Pensiunea Popan","description":"Cazare in Cluj Napoca","publisher":{"@id":"https:\/\/pensiuneapopan.ro\/es\/#organization"},"potentialAction":[{"@type":"SearchAction","target":{"@type":"EntryPoint","urlTemplate":"https:\/\/pensiuneapopan.ro\/es\/?s={search_term_string}"},"query-input":"required name=search_term_string"}],"inLanguage":"es"},{"@type":"Organization","@id":"https:\/\/pensiuneapopan.ro\/es\/#organization","name":"Pensiunea Popan","url":"https:\/\/pensiuneapopan.ro\/es\/","logo":{"@type":"ImageObject","inLanguage":"es","@id":"https:\/\/pensiuneapopan.ro\/es\/#\/schema\/logo\/image\/","url":"https:\/\/pensiuneapopan.ro\/wp-content\/uploads\/2023\/04\/logo_popan.svg","contentUrl":"https:\/\/pensiuneapopan.ro\/wp-content\/uploads\/2023\/04\/logo_popan.svg","width":469,"height":147,"caption":"Pensiunea Popan"},"image":{"@id":"https:\/\/pensiuneapopan.ro\/es\/#\/schema\/logo\/image\/"}}]}},"_links":{"self":[{"href":"https:\/\/pensiuneapopan.ro\/es\/wp-json\/wp\/v2\/pages\/819","targetHints":{"allow":["GET"]}}],"collection":[{"href":"https:\/\/pensiuneapopan.ro\/es\/wp-json\/wp\/v2\/pages"}],"about":[{"href":"https:\/\/pensiuneapopan.ro\/es\/wp-json\/wp\/v2\/types\/page"}],"author":[{"embeddable":true,"href":"https:\/\/pensiuneapopan.ro\/es\/wp-json\/wp\/v2\/users\/1"}],"replies":[{"embeddable":true,"href":"https:\/\/pensiuneapopan.ro\/es\/wp-json\/wp\/v2\/comments?post=819"}],"version-history":[{"count":2,"href":"https:\/\/pensiuneapopan.ro\/es\/wp-json\/wp\/v2\/pages\/819\/revisions"}],"predecessor-version":[{"id":846,"href":"https:\/\/pensiuneapopan.ro\/es\/wp-json\/wp\/v2\/pages\/819\/revisions\/846"}],"wp:attachment":[{"href":"https:\/\/pensiuneapopan.ro\/es\/wp-json\/wp\/v2\/media?parent=819"}],"curies":[{"name":"wp","href":"https:\/\/api.w.org\/{rel}","templated":true}]}}