{"id":825,"date":"2023-04-02T01:48:09","date_gmt":"2023-04-02T01:48:09","guid":{"rendered":"https:\/\/pensiuneapopan.ro\/politica-de-cookies\/"},"modified":"2023-05-16T22:14:04","modified_gmt":"2023-05-16T22:14:04","slug":"politica-de-cookies","status":"publish","type":"page","link":"https:\/\/pensiuneapopan.ro\/es\/politica-de-cookies\/","title":{"rendered":"Pol\u00edtica de cookies"},"content":{"rendered":"\r\n<p>Pol\u00edtica de cookies del sitio web www.pensiuneapopan.ro<\/p>\r\n<p>Este sitio web utiliza cookies.<\/p>\r\n<p>La pol\u00edtica de cookies explica qu\u00e9 son las cookies y c\u00f3mo las usamos en nuestro sitio web. Debe leer esta pol\u00edtica para comprender qu\u00e9 tipo de cookies utilizamos, la informaci\u00f3n que recopilamos con la ayuda de las cookies y c\u00f3mo se utiliza esta informaci\u00f3n.<\/p>\r\n<p>Las cookies son peque\u00f1os archivos o partes de un archivo guardados en la computadora\/terminal m\u00f3vil de un usuario de Internet, compuestos por letras y n\u00fameros y almacenados por el navegador utilizado para una mejor experiencia de navegaci\u00f3n en Internet. Estos archivos permiten que los sitios web retengan y almacenen informaci\u00f3n \u00fatil sobre las preferencias del usuario y pueden contener informaci\u00f3n de car\u00e1cter personal, como un historial de p\u00e1ginas visitadas, c\u00f3digo de identificaci\u00f3n del usuario, preferencias personalizadas.<\/p>\r\n<p>Una cookie consta de dos partes: el nombre y el contenido. La vida \u00fatil de una cookie est\u00e1 determinada y, t\u00e9cnicamente, solo el servidor web que envi\u00f3 la cookie puede volver a acceder a ella cuando el usuario regresa al sitio asociado con ese servidor web.<\/p>\r\n<p>Las cookies no se pueden utilizar para transmitir virus inform\u00e1ticos o ejecutar programas. Cuando accede al sitio como visitante, se env\u00eda una cookie a su navegador de Internet y se guarda en el disco duro de su computadora. Puede bloquear el uso de cookies a trav\u00e9s de la configuraci\u00f3n realizada en el navegador con el que navega por Internet.<\/p>\r\n<p>Mediante el uso de cookies se beneficiar\u00e1 de una mejor experiencia de navegaci\u00f3n en nuestro sitio web. Cuando un usuario accede a nuestro sitio www.pensiuneapopan.ro, almacenamos informaci\u00f3n como: direcci\u00f3n IP, p\u00e1ginas visitadas, el sitio desde el que lleg\u00f3 a nuestro sitio, informaci\u00f3n de cookies y otros datos t\u00e9cnicos que utilizamos estrictamente para los siguientes prop\u00f3sitos:<\/p>\r\n<p>Supervisi\u00f3n de acceso para mantener la seguridad del sitio y detectar accesos potencialmente peligrosos a nuestro sitio.<br \/>Analizar el tr\u00e1fico y las fuentes de tr\u00e1fico a nuestro sitio web, utilizando servicios de an\u00e1lisis para mejorar los servicios que ofrecemos y coordinar la imagen\/estrategia de marketing para llegar a nuestros clientes m\u00e1s f\u00e1cilmente.<\/p>\r\n<p>Todos estos datos son datos estad\u00edsticos, anonimizados.<\/p>\r\n<p>Las cookies pueden ser en forma de cookies de sesi\u00f3n o cookies persistentes.<\/p>\r\n<p>Cookies temporales: se almacenan temporalmente en la carpeta de \u00abcookies\u00bb del navegador web, que las almacena hasta que el usuario abandona el sitio respectivo o cierra la ventana del navegador (por ejemplo, cuando inicia\/cierra sesi\u00f3n\/desde una cuenta de correo electr\u00f3nico o de una red social). )<br \/>Cookies persistentes: se almacenan en el disco duro de una computadora u otro dispositivo (y generalmente dependen del ciclo de vida preestablecido de las cookies). Ciertas cookies se utilizan exclusivamente durante una sola sesi\u00f3n y no se almacenan despu\u00e9s de que el usuario abandona el sitio web, mientras que otras cookies se almacenan y reutilizan cada vez que el usuario regresa a ese sitio web.<\/p>\r\n<p>No obstante, las cookies pueden ser eliminadas por el usuario en cualquier momento accediendo a la configuraci\u00f3n del navegador, tal y como mostramos a continuaci\u00f3n.<\/p>\r\n<p>Las cookies permanecer\u00e1n almacenadas en su computadora o dispositivo hasta que se eliminen o alcancen su fecha de vencimiento.<\/p>\r\n<p>Los usuarios del sitio pueden controlar el uso de cookies a nivel del navegador, pero si el usuario decide deshabilitar las cookies, esta acci\u00f3n resultar\u00e1 en una limitaci\u00f3n de ciertas caracter\u00edsticas y funciones en nuestro sitio web.<\/p>\r\n<p>Algunas de las cookies que utilizamos son estrictamente necesarias para que nuestro sitio web funcione y no solicitamos su consentimiento para instalarlas en su computadora.<\/p>\r\n<p>No obstante, para aquellas cookies que sean \u00fatiles pero no estrictamente necesarias, siempre le pediremos su consentimiento antes de colocarlas. Adem\u00e1s de las cookies que utilizamos, al trabajar con terceros para brindarle una experiencia oportuna, colocan varias cookies en su computadora, pero solo con su consentimiento.<\/p>\r\n<p>Sin embargo, si no est\u00e1 de acuerdo con el uso de cualquier tipo de cookie, puede bloquear cualquier cookie en la configuraci\u00f3n de su navegador.<\/p>\r\n<p>Los pasos para los navegadores m\u00e1s utilizados son:<\/p>\r\n<p>Si su navegador es Microsoft Internet Explorer 6.0, 7.0, 8.0, puede hacer clic en \u00abHerramientas\u00bb, en la esquina superior del navegador, o puede seleccionar \u00abOpciones de Internet\u00bb y luego hacer clic en \u00abPrivacidad\u00bb. Seleccione la configuraci\u00f3n que desee, luego seleccione \u00abAplicar\u00bb y \u00abAceptar\/OK\u00bb;<\/p>\r\n<p>Si su navegador es Mozilla Firefox, en el men\u00fa del navegador seleccione \u00abOpciones\u00bb, luego vaya al men\u00fa \u00abPrivacidad\u00bb, y en el men\u00fa que aparecer\u00e1, elija \u00abConfiguraci\u00f3n personalizada del historial\u00bb. Elija la configuraci\u00f3n que desee, luego haga clic en \u00abAceptar\u00bb;<br \/>Si su navegador es Google Chrome, vaya al men\u00fa de Chrome que se encuentra en la esquina superior derecha, vaya a \u00abConfiguraci\u00f3n\u00bb. Luego, elija la configuraci\u00f3n que desee presionando \u00abOK\u00bb;<br \/>Si su navegador es Safari, seleccione \u00abPreferencias\u00bb. En ese panel, seleccione \u00abPrivacidad\u00bb, luego realice la configuraci\u00f3n que desee y luego haga clic en \u00abAceptar\u00bb.<br \/>Para cualquier otra duda relativa a la Pol\u00edtica de Cookies Lateral, por favor cont\u00e1ctenos por correo postal a la direcci\u00f3n en \u2026\u2026.<\/p>\r\n","protected":false},"excerpt":{"rendered":"<p>Pol\u00edtica de cookies del sitio web www.pensiuneapopan.ro Este sitio web utiliza cookies. La pol\u00edtica de cookies explica qu\u00e9 son las cookies y c\u00f3mo las usamos en nuestro sitio web. Debe leer esta pol\u00edtica para comprender qu\u00e9 tipo de cookies utilizamos, la informaci\u00f3n que recopilamos con la ayuda de las cookies y c\u00f3mo se utiliza esta [&hellip;]<\/p>\n","protected":false},"author":1,"featured_media":0,"parent":0,"menu_order":11,"comment_status":"closed","ping_status":"closed","template":"","meta":{"_acf_changed":false,"footnotes":""},"class_list":["post-825","page","type-page","status-publish","hentry"],"acf":[],"yoast_head":"<!-- This site is optimized with the Yoast SEO plugin v27.4 - https:\/\/yoast.com\/product\/yoast-seo-wordpress\/ -->\n<title>Pol\u00edtica de cookies - Pensiunea Popan<\/title>\n<meta name=\"robots\" content=\"index, follow, max-snippet:-1, max-image-preview:large, max-video-preview:-1\" \/>\n<link rel=\"canonical\" href=\"https:\/\/pensiuneapopan.ro\/es\/politica-de-cookies\/\" \/>\n<meta property=\"og:locale\" content=\"es_ES\" \/>\n<meta property=\"og:type\" content=\"article\" \/>\n<meta property=\"og:title\" content=\"Pol\u00edtica de cookies - Pensiunea Popan\" \/>\n<meta property=\"og:description\" content=\"Pol\u00edtica de cookies del sitio web www.pensiuneapopan.ro Este sitio web utiliza cookies. La pol\u00edtica de cookies explica qu\u00e9 son las cookies y c\u00f3mo las usamos en nuestro sitio web. Debe leer esta pol\u00edtica para comprender qu\u00e9 tipo de cookies utilizamos, la informaci\u00f3n que recopilamos con la ayuda de las cookies y c\u00f3mo se utiliza esta [&hellip;]\" \/>\n<meta property=\"og:url\" content=\"https:\/\/pensiuneapopan.ro\/es\/politica-de-cookies\/\" \/>\n<meta property=\"og:site_name\" content=\"Pensiunea Popan\" \/>\n<meta property=\"article:modified_time\" content=\"2023-05-16T22:14:04+00:00\" \/>\n<meta name=\"twitter:card\" content=\"summary_large_image\" \/>\n<meta name=\"twitter:label1\" content=\"Tiempo de lectura\" \/>\n\t<meta name=\"twitter:data1\" content=\"4 minutos\" \/>\n<script type=\"application\/ld+json\" class=\"yoast-schema-graph\">{\"@context\":\"https:\\\/\\\/schema.org\",\"@graph\":[{\"@type\":\"WebPage\",\"@id\":\"https:\\\/\\\/pensiuneapopan.ro\\\/es\\\/politica-de-cookies\\\/\",\"url\":\"https:\\\/\\\/pensiuneapopan.ro\\\/es\\\/politica-de-cookies\\\/\",\"name\":\"Pol\u00edtica de cookies - Pensiunea Popan\",\"isPartOf\":{\"@id\":\"https:\\\/\\\/pensiuneapopan.ro\\\/es\\\/#website\"},\"datePublished\":\"2023-04-02T01:48:09+00:00\",\"dateModified\":\"2023-05-16T22:14:04+00:00\",\"breadcrumb\":{\"@id\":\"https:\\\/\\\/pensiuneapopan.ro\\\/es\\\/politica-de-cookies\\\/#breadcrumb\"},\"inLanguage\":\"es\",\"potentialAction\":[{\"@type\":\"ReadAction\",\"target\":[\"https:\\\/\\\/pensiuneapopan.ro\\\/es\\\/politica-de-cookies\\\/\"]}]},{\"@type\":\"BreadcrumbList\",\"@id\":\"https:\\\/\\\/pensiuneapopan.ro\\\/es\\\/politica-de-cookies\\\/#breadcrumb\",\"itemListElement\":[{\"@type\":\"ListItem\",\"position\":1,\"name\":\"Prima pagin\u0103\",\"item\":\"https:\\\/\\\/pensiuneapopan.ro\\\/es\\\/inicio\\\/\"},{\"@type\":\"ListItem\",\"position\":2,\"name\":\"Pol\u00edtica de cookies\"}]},{\"@type\":\"WebSite\",\"@id\":\"https:\\\/\\\/pensiuneapopan.ro\\\/es\\\/#website\",\"url\":\"https:\\\/\\\/pensiuneapopan.ro\\\/es\\\/\",\"name\":\"Pensiunea Popan\",\"description\":\"Cazare in Cluj Napoca\",\"publisher\":{\"@id\":\"https:\\\/\\\/pensiuneapopan.ro\\\/es\\\/#organization\"},\"potentialAction\":[{\"@type\":\"SearchAction\",\"target\":{\"@type\":\"EntryPoint\",\"urlTemplate\":\"https:\\\/\\\/pensiuneapopan.ro\\\/es\\\/?s={search_term_string}\"},\"query-input\":{\"@type\":\"PropertyValueSpecification\",\"valueRequired\":true,\"valueName\":\"search_term_string\"}}],\"inLanguage\":\"es\"},{\"@type\":\"Organization\",\"@id\":\"https:\\\/\\\/pensiuneapopan.ro\\\/es\\\/#organization\",\"name\":\"Pensiunea Popan\",\"url\":\"https:\\\/\\\/pensiuneapopan.ro\\\/es\\\/\",\"logo\":{\"@type\":\"ImageObject\",\"inLanguage\":\"es\",\"@id\":\"https:\\\/\\\/pensiuneapopan.ro\\\/es\\\/#\\\/schema\\\/logo\\\/image\\\/\",\"url\":\"https:\\\/\\\/pensiuneapopan.ro\\\/wp-content\\\/uploads\\\/2023\\\/04\\\/logo_popan.svg\",\"contentUrl\":\"https:\\\/\\\/pensiuneapopan.ro\\\/wp-content\\\/uploads\\\/2023\\\/04\\\/logo_popan.svg\",\"width\":469,\"height\":147,\"caption\":\"Pensiunea Popan\"},\"image\":{\"@id\":\"https:\\\/\\\/pensiuneapopan.ro\\\/es\\\/#\\\/schema\\\/logo\\\/image\\\/\"}}]}<\/script>\n<!-- \/ Yoast SEO plugin. -->","yoast_head_json":{"title":"Pol\u00edtica de cookies - Pensiunea Popan","robots":{"index":"index","follow":"follow","max-snippet":"max-snippet:-1","max-image-preview":"max-image-preview:large","max-video-preview":"max-video-preview:-1"},"canonical":"https:\/\/pensiuneapopan.ro\/es\/politica-de-cookies\/","og_locale":"es_ES","og_type":"article","og_title":"Pol\u00edtica de cookies - Pensiunea Popan","og_description":"Pol\u00edtica de cookies del sitio web www.pensiuneapopan.ro Este sitio web utiliza cookies. La pol\u00edtica de cookies explica qu\u00e9 son las cookies y c\u00f3mo las usamos en nuestro sitio web. Debe leer esta pol\u00edtica para comprender qu\u00e9 tipo de cookies utilizamos, la informaci\u00f3n que recopilamos con la ayuda de las cookies y c\u00f3mo se utiliza esta [&hellip;]","og_url":"https:\/\/pensiuneapopan.ro\/es\/politica-de-cookies\/","og_site_name":"Pensiunea Popan","article_modified_time":"2023-05-16T22:14:04+00:00","twitter_card":"summary_large_image","twitter_misc":{"Tiempo de lectura":"4 minutos"},"schema":{"@context":"https:\/\/schema.org","@graph":[{"@type":"WebPage","@id":"https:\/\/pensiuneapopan.ro\/es\/politica-de-cookies\/","url":"https:\/\/pensiuneapopan.ro\/es\/politica-de-cookies\/","name":"Pol\u00edtica de cookies - Pensiunea Popan","isPartOf":{"@id":"https:\/\/pensiuneapopan.ro\/es\/#website"},"datePublished":"2023-04-02T01:48:09+00:00","dateModified":"2023-05-16T22:14:04+00:00","breadcrumb":{"@id":"https:\/\/pensiuneapopan.ro\/es\/politica-de-cookies\/#breadcrumb"},"inLanguage":"es","potentialAction":[{"@type":"ReadAction","target":["https:\/\/pensiuneapopan.ro\/es\/politica-de-cookies\/"]}]},{"@type":"BreadcrumbList","@id":"https:\/\/pensiuneapopan.ro\/es\/politica-de-cookies\/#breadcrumb","itemListElement":[{"@type":"ListItem","position":1,"name":"Prima pagin\u0103","item":"https:\/\/pensiuneapopan.ro\/es\/inicio\/"},{"@type":"ListItem","position":2,"name":"Pol\u00edtica de cookies"}]},{"@type":"WebSite","@id":"https:\/\/pensiuneapopan.ro\/es\/#website","url":"https:\/\/pensiuneapopan.ro\/es\/","name":"Pensiunea Popan","description":"Cazare in Cluj Napoca","publisher":{"@id":"https:\/\/pensiuneapopan.ro\/es\/#organization"},"potentialAction":[{"@type":"SearchAction","target":{"@type":"EntryPoint","urlTemplate":"https:\/\/pensiuneapopan.ro\/es\/?s={search_term_string}"},"query-input":{"@type":"PropertyValueSpecification","valueRequired":true,"valueName":"search_term_string"}}],"inLanguage":"es"},{"@type":"Organization","@id":"https:\/\/pensiuneapopan.ro\/es\/#organization","name":"Pensiunea Popan","url":"https:\/\/pensiuneapopan.ro\/es\/","logo":{"@type":"ImageObject","inLanguage":"es","@id":"https:\/\/pensiuneapopan.ro\/es\/#\/schema\/logo\/image\/","url":"https:\/\/pensiuneapopan.ro\/wp-content\/uploads\/2023\/04\/logo_popan.svg","contentUrl":"https:\/\/pensiuneapopan.ro\/wp-content\/uploads\/2023\/04\/logo_popan.svg","width":469,"height":147,"caption":"Pensiunea Popan"},"image":{"@id":"https:\/\/pensiuneapopan.ro\/es\/#\/schema\/logo\/image\/"}}]}},"_links":{"self":[{"href":"https:\/\/pensiuneapopan.ro\/es\/wp-json\/wp\/v2\/pages\/825","targetHints":{"allow":["GET"]}}],"collection":[{"href":"https:\/\/pensiuneapopan.ro\/es\/wp-json\/wp\/v2\/pages"}],"about":[{"href":"https:\/\/pensiuneapopan.ro\/es\/wp-json\/wp\/v2\/types\/page"}],"author":[{"embeddable":true,"href":"https:\/\/pensiuneapopan.ro\/es\/wp-json\/wp\/v2\/users\/1"}],"replies":[{"embeddable":true,"href":"https:\/\/pensiuneapopan.ro\/es\/wp-json\/wp\/v2\/comments?post=825"}],"version-history":[{"count":2,"href":"https:\/\/pensiuneapopan.ro\/es\/wp-json\/wp\/v2\/pages\/825\/revisions"}],"predecessor-version":[{"id":843,"href":"https:\/\/pensiuneapopan.ro\/es\/wp-json\/wp\/v2\/pages\/825\/revisions\/843"}],"wp:attachment":[{"href":"https:\/\/pensiuneapopan.ro\/es\/wp-json\/wp\/v2\/media?parent=825"}],"curies":[{"name":"wp","href":"https:\/\/api.w.org\/{rel}","templated":true}]}}