{"id":833,"date":"2023-04-02T01:48:22","date_gmt":"2023-04-02T01:48:22","guid":{"rendered":"https:\/\/pensiuneapopan.ro\/condiciones-generales\/"},"modified":"2023-05-16T22:13:02","modified_gmt":"2023-05-16T22:13:02","slug":"condiciones-generales","status":"publish","type":"page","link":"https:\/\/pensiuneapopan.ro\/es\/condiciones-generales\/","title":{"rendered":"Condiciones generales"},"content":{"rendered":"\r\n<p>El sitio web www.pensiuneapopan.ro es administrado por SC Pensiunea Popan VT SRL, con sede en Cluj Napoca, 9 Ghe.Marinescu str.<\/p>\r\n<p>Al usar este sitio web, usted acepta estos t\u00e9rminos de uso:<\/p>\r\n<p>Este documento establece los t\u00e9rminos y condiciones bajo los cuales puede utilizar el sitio web<\/p>\r\n<p>El acceso y uso del sitio web est\u00e1n sujetos a las siguientes reglas, en los t\u00e9rminos y condiciones a continuaci\u00f3n:<br \/>La finalidad permitida de la utilizaci\u00f3n del sitio web es la obtenci\u00f3n de informaci\u00f3n y el acceso a los servicios online que se ofrecen a trav\u00e9s del mismo. No se permite ning\u00fan uso para fines distintos a este.<br \/>Todo el contenido de este sitio est\u00e1 sujeto a cambios y se le proporciona \u00abtal cual\u00bb sin garant\u00eda de ning\u00fan tipo, ya sea expresa o impl\u00edcita.<br \/>Al acceder al sitio, lea la Pol\u00edtica de privacidad (enlace)<br \/>Este sitio web utiliza cookies para ofrecer a los usuarios servicios de navegaci\u00f3n mejores y adaptados a las necesidades e intereses de cada uno. Las cookies no identifican personalmente a los internautas y pueden desactivarse, para m\u00e1s detalles acceda a la Pol\u00edtica de Cookies (enlace).<br \/>Limitaci\u00f3n de responsabilidad<\/p>\r\n<p>Si se considera que cualquier material puesto a disposici\u00f3n en el sitio, publicado por SC Pensiunea Popan VT SRL, por terceros o usuarios, viola los derechos de autor o cualquier otra ley vigente, es necesario informar esta situaci\u00f3n a contact@pensiuneapopan.ro.<\/p>\r\n<p>Se le pide que revise esta secci\u00f3n regularmente para estar al tanto de cualquier cambio realizado por SC Pensiunea Popan VT SRL.<\/p>\r\n<p>Derechos de autor y propiedad intelectual<\/p>\r\n<p>Los derechos de propiedad intelectual sobre todo el contenido del sitio, incluidos, entre otros, todos los textos, im\u00e1genes, elementos gr\u00e1ficos, animaciones, elementos de video, sonido, etc., formularios adjuntos y otros elementos similares (Contenido), pertenecen exclusivamente a SC Pensiunea Popan VT S.R.L.<\/p>\r\n<p>PRIVACIDAD<\/p>\r\n<p>Pensiunea Popan VT SRL no recolectar\u00e1 de manera autom\u00e1tica ninguna informaci\u00f3n o dato que permita la identificaci\u00f3n de personas f\u00edsicas (por ejemplo: nombre, direcci\u00f3n, n\u00famero de tel\u00e9fono o direcci\u00f3n de correo electr\u00f3nico &#8211; \u00abDatos Personales\u00bb) a trav\u00e9s del sitio web, a menos que esta informaci\u00f3n sea proporcionada a nosotros voluntariamente por los usuarios del sitio. Este suministro voluntario de informaci\u00f3n ser\u00e1 considerado y representar\u00e1 su consentimiento expreso para que sus datos personales sean utilizados por Pensiunea Popan VT SRL de conformidad con los t\u00e9rminos del Reglamento (UE) 2016\/679 (GDPR) y de acuerdo con la Pol\u00edtica de Privacidad (enlace ).<\/p>\r\n<p>En relaci\u00f3n con sus datos, tiene los siguientes derechos: derecho a acceder a los datos personales, derecho a rectificarlos o suprimirlos, derecho a la limitaci\u00f3n del tratamiento o derecho a oponerse al tratamiento, as\u00ed como derecho a la portabilidad de los datos. La portabilidad de datos significa que puede solicitarnos que transfiramos todos los datos que tenemos a otra persona que usted indique expresamente.<\/p>\r\n<p>Para enviar una solicitud con respecto a sus datos personales por correo electr\u00f3nico, correo postal o tel\u00e9fono, utilice la informaci\u00f3n de contacto proporcionada. Responderemos a sus solicitudes en un plazo m\u00e1ximo de 30 d\u00edas desde la fecha de la solicitud.<\/p>\r\n<p>Fuerza mayor<\/p>\r\n<p>El sitio, los afiliados y, en general, los proveedores de informaci\u00f3n del sitio no pueden ser considerados responsables por cualquier retraso o error en el contenido proporcionado por nuestras publicaciones, que resulte directa o indirectamente de causas ajenas a la voluntad del sitio. Esta exenci\u00f3n incluye, pero no se limita a: errores en el funcionamiento de los equipos t\u00e9cnicos, falta de funcionamiento de la conexi\u00f3n a Internet, falta de funcionamiento de las conexiones telef\u00f3nicas, virus inform\u00e1ticos, acceso no autorizado a los sistemas del sitio, errores de funcionamiento, huelga, etc.<\/p>\r\n<p>La ley que rige el acuerdo.<\/p>\r\n<p>Los derechos y obligaciones de las partes, impuestos por este acuerdo, as\u00ed como todos los efectos legales producidos por este acuerdo, ser\u00e1n interpretados y regidos por la ley rumana vigente. Cualquier disputa relacionada con este acuerdo se presentar\u00e1 ante los tribunales rumanos para su resoluci\u00f3n.<\/p>\r\n<p>Provisiones finales<\/p>\r\n<p>Los t\u00e9rminos y condiciones son aplicables en el momento de acceder a este Sitio. \u00a1Gracias por elegir ser nuestros visitantes!<\/p>\r\n","protected":false},"excerpt":{"rendered":"<p>El sitio web www.pensiuneapopan.ro es administrado por SC Pensiunea Popan VT SRL, con sede en Cluj Napoca, 9 Ghe.Marinescu str. Al usar este sitio web, usted acepta estos t\u00e9rminos de uso: Este documento establece los t\u00e9rminos y condiciones bajo los cuales puede utilizar el sitio web El acceso y uso del sitio web est\u00e1n sujetos [&hellip;]<\/p>\n","protected":false},"author":1,"featured_media":0,"parent":0,"menu_order":12,"comment_status":"closed","ping_status":"closed","template":"","meta":{"footnotes":""},"class_list":["post-833","page","type-page","status-publish","hentry"],"acf":[],"yoast_head":"<!-- This site is optimized with the Yoast SEO plugin v21.8 - https:\/\/yoast.com\/wordpress\/plugins\/seo\/ -->\n<title>Condiciones generales - Pensiunea Popan<\/title>\n<meta name=\"robots\" content=\"index, follow, max-snippet:-1, max-image-preview:large, max-video-preview:-1\" \/>\n<link rel=\"canonical\" href=\"https:\/\/pensiuneapopan.ro\/es\/condiciones-generales\/\" \/>\n<meta property=\"og:locale\" content=\"es_ES\" \/>\n<meta property=\"og:type\" content=\"article\" \/>\n<meta property=\"og:title\" content=\"Condiciones generales - Pensiunea Popan\" \/>\n<meta property=\"og:description\" content=\"El sitio web www.pensiuneapopan.ro es administrado por SC Pensiunea Popan VT SRL, con sede en Cluj Napoca, 9 Ghe.Marinescu str. Al usar este sitio web, usted acepta estos t\u00e9rminos de uso: Este documento establece los t\u00e9rminos y condiciones bajo los cuales puede utilizar el sitio web El acceso y uso del sitio web est\u00e1n sujetos [&hellip;]\" \/>\n<meta property=\"og:url\" content=\"https:\/\/pensiuneapopan.ro\/es\/condiciones-generales\/\" \/>\n<meta property=\"og:site_name\" content=\"Pensiunea Popan\" \/>\n<meta property=\"article:modified_time\" content=\"2023-05-16T22:13:02+00:00\" \/>\n<meta name=\"twitter:card\" content=\"summary_large_image\" \/>\n<meta name=\"twitter:label1\" content=\"Tiempo de lectura\" \/>\n\t<meta name=\"twitter:data1\" content=\"4 minutos\" \/>\n<script type=\"application\/ld+json\" class=\"yoast-schema-graph\">{\"@context\":\"https:\/\/schema.org\",\"@graph\":[{\"@type\":\"WebPage\",\"@id\":\"https:\/\/pensiuneapopan.ro\/es\/condiciones-generales\/\",\"url\":\"https:\/\/pensiuneapopan.ro\/es\/condiciones-generales\/\",\"name\":\"Condiciones generales - Pensiunea Popan\",\"isPartOf\":{\"@id\":\"https:\/\/pensiuneapopan.ro\/es\/#website\"},\"datePublished\":\"2023-04-02T01:48:22+00:00\",\"dateModified\":\"2023-05-16T22:13:02+00:00\",\"breadcrumb\":{\"@id\":\"https:\/\/pensiuneapopan.ro\/es\/condiciones-generales\/#breadcrumb\"},\"inLanguage\":\"es\",\"potentialAction\":[{\"@type\":\"ReadAction\",\"target\":[\"https:\/\/pensiuneapopan.ro\/es\/condiciones-generales\/\"]}]},{\"@type\":\"BreadcrumbList\",\"@id\":\"https:\/\/pensiuneapopan.ro\/es\/condiciones-generales\/#breadcrumb\",\"itemListElement\":[{\"@type\":\"ListItem\",\"position\":1,\"name\":\"Prima pagin\u0103\",\"item\":\"https:\/\/pensiuneapopan.ro\/es\/inicio\/\"},{\"@type\":\"ListItem\",\"position\":2,\"name\":\"Condiciones generales\"}]},{\"@type\":\"WebSite\",\"@id\":\"https:\/\/pensiuneapopan.ro\/es\/#website\",\"url\":\"https:\/\/pensiuneapopan.ro\/es\/\",\"name\":\"Pensiunea Popan\",\"description\":\"Cazare in Cluj Napoca\",\"publisher\":{\"@id\":\"https:\/\/pensiuneapopan.ro\/es\/#organization\"},\"potentialAction\":[{\"@type\":\"SearchAction\",\"target\":{\"@type\":\"EntryPoint\",\"urlTemplate\":\"https:\/\/pensiuneapopan.ro\/es\/?s={search_term_string}\"},\"query-input\":\"required name=search_term_string\"}],\"inLanguage\":\"es\"},{\"@type\":\"Organization\",\"@id\":\"https:\/\/pensiuneapopan.ro\/es\/#organization\",\"name\":\"Pensiunea Popan\",\"url\":\"https:\/\/pensiuneapopan.ro\/es\/\",\"logo\":{\"@type\":\"ImageObject\",\"inLanguage\":\"es\",\"@id\":\"https:\/\/pensiuneapopan.ro\/es\/#\/schema\/logo\/image\/\",\"url\":\"https:\/\/pensiuneapopan.ro\/wp-content\/uploads\/2023\/04\/logo_popan.svg\",\"contentUrl\":\"https:\/\/pensiuneapopan.ro\/wp-content\/uploads\/2023\/04\/logo_popan.svg\",\"width\":469,\"height\":147,\"caption\":\"Pensiunea Popan\"},\"image\":{\"@id\":\"https:\/\/pensiuneapopan.ro\/es\/#\/schema\/logo\/image\/\"}}]}<\/script>\n<!-- \/ Yoast SEO plugin. -->","yoast_head_json":{"title":"Condiciones generales - Pensiunea Popan","robots":{"index":"index","follow":"follow","max-snippet":"max-snippet:-1","max-image-preview":"max-image-preview:large","max-video-preview":"max-video-preview:-1"},"canonical":"https:\/\/pensiuneapopan.ro\/es\/condiciones-generales\/","og_locale":"es_ES","og_type":"article","og_title":"Condiciones generales - Pensiunea Popan","og_description":"El sitio web www.pensiuneapopan.ro es administrado por SC Pensiunea Popan VT SRL, con sede en Cluj Napoca, 9 Ghe.Marinescu str. Al usar este sitio web, usted acepta estos t\u00e9rminos de uso: Este documento establece los t\u00e9rminos y condiciones bajo los cuales puede utilizar el sitio web El acceso y uso del sitio web est\u00e1n sujetos [&hellip;]","og_url":"https:\/\/pensiuneapopan.ro\/es\/condiciones-generales\/","og_site_name":"Pensiunea Popan","article_modified_time":"2023-05-16T22:13:02+00:00","twitter_card":"summary_large_image","twitter_misc":{"Tiempo de lectura":"4 minutos"},"schema":{"@context":"https:\/\/schema.org","@graph":[{"@type":"WebPage","@id":"https:\/\/pensiuneapopan.ro\/es\/condiciones-generales\/","url":"https:\/\/pensiuneapopan.ro\/es\/condiciones-generales\/","name":"Condiciones generales - Pensiunea Popan","isPartOf":{"@id":"https:\/\/pensiuneapopan.ro\/es\/#website"},"datePublished":"2023-04-02T01:48:22+00:00","dateModified":"2023-05-16T22:13:02+00:00","breadcrumb":{"@id":"https:\/\/pensiuneapopan.ro\/es\/condiciones-generales\/#breadcrumb"},"inLanguage":"es","potentialAction":[{"@type":"ReadAction","target":["https:\/\/pensiuneapopan.ro\/es\/condiciones-generales\/"]}]},{"@type":"BreadcrumbList","@id":"https:\/\/pensiuneapopan.ro\/es\/condiciones-generales\/#breadcrumb","itemListElement":[{"@type":"ListItem","position":1,"name":"Prima pagin\u0103","item":"https:\/\/pensiuneapopan.ro\/es\/inicio\/"},{"@type":"ListItem","position":2,"name":"Condiciones generales"}]},{"@type":"WebSite","@id":"https:\/\/pensiuneapopan.ro\/es\/#website","url":"https:\/\/pensiuneapopan.ro\/es\/","name":"Pensiunea Popan","description":"Cazare in Cluj Napoca","publisher":{"@id":"https:\/\/pensiuneapopan.ro\/es\/#organization"},"potentialAction":[{"@type":"SearchAction","target":{"@type":"EntryPoint","urlTemplate":"https:\/\/pensiuneapopan.ro\/es\/?s={search_term_string}"},"query-input":"required name=search_term_string"}],"inLanguage":"es"},{"@type":"Organization","@id":"https:\/\/pensiuneapopan.ro\/es\/#organization","name":"Pensiunea Popan","url":"https:\/\/pensiuneapopan.ro\/es\/","logo":{"@type":"ImageObject","inLanguage":"es","@id":"https:\/\/pensiuneapopan.ro\/es\/#\/schema\/logo\/image\/","url":"https:\/\/pensiuneapopan.ro\/wp-content\/uploads\/2023\/04\/logo_popan.svg","contentUrl":"https:\/\/pensiuneapopan.ro\/wp-content\/uploads\/2023\/04\/logo_popan.svg","width":469,"height":147,"caption":"Pensiunea Popan"},"image":{"@id":"https:\/\/pensiuneapopan.ro\/es\/#\/schema\/logo\/image\/"}}]}},"_links":{"self":[{"href":"https:\/\/pensiuneapopan.ro\/es\/wp-json\/wp\/v2\/pages\/833","targetHints":{"allow":["GET"]}}],"collection":[{"href":"https:\/\/pensiuneapopan.ro\/es\/wp-json\/wp\/v2\/pages"}],"about":[{"href":"https:\/\/pensiuneapopan.ro\/es\/wp-json\/wp\/v2\/types\/page"}],"author":[{"embeddable":true,"href":"https:\/\/pensiuneapopan.ro\/es\/wp-json\/wp\/v2\/users\/1"}],"replies":[{"embeddable":true,"href":"https:\/\/pensiuneapopan.ro\/es\/wp-json\/wp\/v2\/comments?post=833"}],"version-history":[{"count":2,"href":"https:\/\/pensiuneapopan.ro\/es\/wp-json\/wp\/v2\/pages\/833\/revisions"}],"predecessor-version":[{"id":841,"href":"https:\/\/pensiuneapopan.ro\/es\/wp-json\/wp\/v2\/pages\/833\/revisions\/841"}],"wp:attachment":[{"href":"https:\/\/pensiuneapopan.ro\/es\/wp-json\/wp\/v2\/media?parent=833"}],"curies":[{"name":"wp","href":"https:\/\/api.w.org\/{rel}","templated":true}]}}