{"id":823,"date":"2023-04-02T01:48:09","date_gmt":"2023-04-02T01:48:09","guid":{"rendered":"https:\/\/pensiuneapopan.ro\/politique-en-matiere-de-cookies\/"},"modified":"2023-05-16T22:13:42","modified_gmt":"2023-05-16T22:13:42","slug":"politique-en-matiere-de-cookies","status":"publish","type":"page","link":"https:\/\/pensiuneapopan.ro\/fr\/politique-en-matiere-de-cookies\/","title":{"rendered":"Politique en mati\u00e8re de cookies"},"content":{"rendered":"\r\n<p>Politique de cookies du site www.pensiuneapopan.ro<\/p>\r\n<p>Ce site web utilise des cookies.<\/p>\r\n<p>La politique relative aux cookies explique ce que sont les cookies et comment nous les utilisons sur notre site Web. Vous devriez lire cette politique pour comprendre quel type de cookies nous utilisons, les informations que nous collectons \u00e0 l&rsquo;aide de cookies et comment ces informations sont utilis\u00e9es.<\/p>\r\n<p>Les cookies sont de petits fichiers ou des parties de fichier enregistr\u00e9s sur l&rsquo;ordinateur\/le terminal mobile d&rsquo;un internaute, constitu\u00e9s de lettres et de chiffres et stock\u00e9s par le navigateur utilis\u00e9 pour une meilleure exp\u00e9rience de navigation sur Internet. Ces fichiers permettent aux sites Web de conserver et de stocker des informations utiles sur les pr\u00e9f\u00e9rences de l&rsquo;utilisateur et peuvent contenir des informations \u00e0 caract\u00e8re personnel telles qu&rsquo;un historique des pages visit\u00e9es, un code d&rsquo;identification de l&rsquo;utilisateur, des pr\u00e9f\u00e9rences personnalis\u00e9es.<\/p>\r\n<p>Un cookie se compose de deux parties : le nom et le contenu. La dur\u00e9e de vie d&rsquo;un cookie est d\u00e9termin\u00e9e et, techniquement, seul le serveur Web qui a envoy\u00e9 le cookie peut y acc\u00e9der \u00e0 nouveau lorsque l&rsquo;utilisateur revient sur le site associ\u00e9 \u00e0 ce serveur Web.<\/p>\r\n<p>Les cookies ne peuvent pas \u00eatre utilis\u00e9s pour transmettre des virus informatiques ou ex\u00e9cuter des programmes. Lorsque vous acc\u00e9dez au site en tant que visiteur, un cookie est envoy\u00e9 \u00e0 votre navigateur internet et enregistr\u00e9 sur le disque dur de votre ordinateur. Vous pouvez bloquer l&rsquo;utilisation de cookies via les param\u00e8tres d\u00e9finis dans le navigateur avec lequel vous naviguez sur Internet.<\/p>\r\n<p>En utilisant des cookies, vous b\u00e9n\u00e9ficierez d&rsquo;une meilleure exp\u00e9rience de navigation sur notre site. Lorsqu&rsquo;un utilisateur acc\u00e8de \u00e0 notre site www.pensiuneapopan.ro, nous stockons des informations telles que : l&rsquo;adresse IP, les pages consult\u00e9es, le site \u00e0 partir duquel vous avez acc\u00e9d\u00e9 \u00e0 notre site, les informations des cookies et d&rsquo;autres donn\u00e9es techniques que nous utilisons strictement aux fins suivantes :<\/p>\r\n<p>Surveillance des acc\u00e8s pour maintenir la s\u00e9curit\u00e9 du site et d\u00e9tecter les acc\u00e8s potentiellement dangereux \u00e0 notre site.<br \/>Analyser le trafic et les sources de trafic vers notre site Web, utiliser des services d&rsquo;analyse afin d&rsquo;am\u00e9liorer les services que nous offrons et de coordonner la strat\u00e9gie d&rsquo;image\/marketing pour atteindre plus facilement nos clients.<\/p>\r\n<p>Toutes ces donn\u00e9es sont des donn\u00e9es statistiques, anonymis\u00e9es.<\/p>\r\n<p>Les cookies peuvent prendre la forme de cookies de session ou de cookies persistants.<\/p>\r\n<p>Cookies temporaires &#8211; sont temporairement stock\u00e9s dans le dossier \u00ab\u00a0cookie\u00a0\u00bb du navigateur Web, qui les stocke jusqu&rsquo;\u00e0 ce que l&rsquo;utilisateur quitte le site respectif ou ferme la fen\u00eatre du navigateur (par exemple, lorsque vous vous connectez\/d\u00e9connectez\/depuis un compte de messagerie ou de r\u00e9seau social )<br \/>Cookies persistants &#8211; ils sont stock\u00e9s sur le disque dur d&rsquo;un ordinateur ou d&rsquo;un autre appareil (et d\u00e9pendent g\u00e9n\u00e9ralement du cycle de vie pr\u00e9d\u00e9fini des cookies). Certains cookies sont utilis\u00e9s exclusivement au cours d&rsquo;une seule session et ne sont pas stock\u00e9s apr\u00e8s que l&rsquo;utilisateur a quitt\u00e9 le site Web, tandis que d&rsquo;autres cookies sont stock\u00e9s et r\u00e9utilis\u00e9s chaque fois que l&rsquo;utilisateur revient sur ce site Web.<\/p>\r\n<p>Cependant, les cookies peuvent \u00eatre supprim\u00e9s par l&rsquo;utilisateur \u00e0 tout moment en acc\u00e9dant aux param\u00e8tres du navigateur, comme nous le montrerons ci-dessous.<\/p>\r\n<p>Les cookies resteront stock\u00e9s sur votre ordinateur ou appareil jusqu&rsquo;\u00e0 ce qu&rsquo;ils soient supprim\u00e9s ou jusqu&rsquo;\u00e0 ce qu&rsquo;ils atteignent leur date d&rsquo;expiration.<\/p>\r\n<p>Les utilisateurs du site peuvent contr\u00f4ler l&rsquo;utilisation des cookies au niveau du navigateur, mais si l&rsquo;utilisateur d\u00e9cide de d\u00e9sactiver les cookies, cette action entra\u00eenera une limitation de certaines fonctionnalit\u00e9s et fonctions de notre site Web.<\/p>\r\n<p>Certains des cookies que nous utilisons sont strictement n\u00e9cessaires au fonctionnement de notre site Web et nous ne demandons pas votre consentement pour les placer sur votre ordinateur.<\/p>\r\n<p>Cependant, pour les cookies utiles mais pas strictement n\u00e9cessaires, nous vous demanderons toujours votre consentement avant de les placer. En plus des cookies que nous utilisons, travaillant avec des tiers pour vous offrir une exp\u00e9rience opportune, ils placent divers cookies sur votre ordinateur, mais uniquement avec votre consentement.<\/p>\r\n<p>Cependant, si vous n&rsquo;acceptez pas l&rsquo;utilisation de tout type de cookie, vous pouvez bloquer tout cookie dans les param\u00e8tres de votre navigateur.<\/p>\r\n<p>Les \u00e9tapes pour les navigateurs les plus utilis\u00e9s sont\u00a0:<\/p>\r\n<p>Si votre navigateur est Microsoft Internet Explorer 6.0, 7.0, 8.0, vous pouvez cliquer sur \u00ab\u00a0Outils\u00a0\u00bb, dans le coin sup\u00e9rieur du navigateur, ou vous pouvez s\u00e9lectionner \u00ab\u00a0Options Internet\u00a0\u00bb puis cliquer sur \u00ab\u00a0Confidentialit\u00e9\u00a0\u00bb. S\u00e9lectionnez les param\u00e8tres souhait\u00e9s, puis s\u00e9lectionnez \u00ab\u00a0Appliquer\u00a0\u00bb et \u00ab\u00a0Accepter\/OK\u00a0\u00bb\u00a0;<\/p>\r\n<p>Si votre navigateur est Mozilla Firefox, dans le menu du navigateur s\u00e9lectionnez \u00ab\u00a0Options\u00a0\u00bb, puis allez dans le menu \u00ab\u00a0Confidentialit\u00e9\u00a0\u00bb, et dans le menu qui appara\u00eetra, choisissez \u00ab\u00a0Configuration de l&rsquo;historique personnalis\u00e9\u00a0\u00bb. Choisissez les param\u00e8tres que vous souhaitez, puis cliquez sur \u00ab\u00a0OK\u00a0\u00bb\u00a0;<br \/>Si votre navigateur est Google Chrome, allez dans le menu Chrome qui est situ\u00e9 dans le coin sup\u00e9rieur droit, allez dans \u00ab\u00a0Param\u00e8tres\u00a0\u00bb. Ensuite, choisissez les param\u00e8tres souhait\u00e9s en appuyant sur \u00ab\u00a0OK\u00a0\u00bb\u00a0;<br \/>Si votre navigateur est Safari, s\u00e9lectionnez \u00ab\u00a0Pr\u00e9f\u00e9rences\u00a0\u00bb. Dans ce panneau, s\u00e9lectionnez \u00ab\u00a0Confidentialit\u00e9\u00a0\u00bb, puis effectuez les r\u00e9glages souhait\u00e9s, puis cliquez sur \u00ab\u00a0OK\u00a0\u00bb.<br \/>Pour toute autre question concernant la politique de cookies lat\u00e9raux, veuillez nous contacter par courrier \u00e0 l&rsquo;adresse en \u2026\u2026.<\/p>\r\n","protected":false},"excerpt":{"rendered":"<p>Politique de cookies du site www.pensiuneapopan.ro Ce site web utilise des cookies. La politique relative aux cookies explique ce que sont les cookies et comment nous les utilisons sur notre site Web. Vous devriez lire cette politique pour comprendre quel type de cookies nous utilisons, les informations que nous collectons \u00e0 l&rsquo;aide de cookies et [&hellip;]<\/p>\n","protected":false},"author":1,"featured_media":0,"parent":0,"menu_order":11,"comment_status":"closed","ping_status":"closed","template":"","meta":{"_acf_changed":false,"footnotes":""},"class_list":["post-823","page","type-page","status-publish","hentry"],"acf":[],"yoast_head":"<!-- This site is optimized with the Yoast SEO plugin v27.4 - https:\/\/yoast.com\/product\/yoast-seo-wordpress\/ -->\n<title>Politique en mati\u00e8re de cookies - Pensiunea Popan<\/title>\n<meta name=\"robots\" content=\"index, follow, max-snippet:-1, max-image-preview:large, max-video-preview:-1\" \/>\n<link rel=\"canonical\" href=\"https:\/\/pensiuneapopan.ro\/fr\/politique-en-matiere-de-cookies\/\" \/>\n<meta property=\"og:locale\" content=\"fr_FR\" \/>\n<meta property=\"og:type\" content=\"article\" \/>\n<meta property=\"og:title\" content=\"Politique en mati\u00e8re de cookies - Pensiunea Popan\" \/>\n<meta property=\"og:description\" content=\"Politique de cookies du site www.pensiuneapopan.ro Ce site web utilise des cookies. La politique relative aux cookies explique ce que sont les cookies et comment nous les utilisons sur notre site Web. Vous devriez lire cette politique pour comprendre quel type de cookies nous utilisons, les informations que nous collectons \u00e0 l&rsquo;aide de cookies et [&hellip;]\" \/>\n<meta property=\"og:url\" content=\"https:\/\/pensiuneapopan.ro\/fr\/politique-en-matiere-de-cookies\/\" \/>\n<meta property=\"og:site_name\" content=\"Pensiunea Popan\" \/>\n<meta property=\"article:modified_time\" content=\"2023-05-16T22:13:42+00:00\" \/>\n<meta name=\"twitter:card\" content=\"summary_large_image\" \/>\n<meta name=\"twitter:label1\" content=\"Dur\u00e9e de lecture estim\u00e9e\" \/>\n\t<meta name=\"twitter:data1\" content=\"5 minutes\" \/>\n<script type=\"application\/ld+json\" class=\"yoast-schema-graph\">{\"@context\":\"https:\\\/\\\/schema.org\",\"@graph\":[{\"@type\":\"WebPage\",\"@id\":\"https:\\\/\\\/pensiuneapopan.ro\\\/fr\\\/politique-en-matiere-de-cookies\\\/\",\"url\":\"https:\\\/\\\/pensiuneapopan.ro\\\/fr\\\/politique-en-matiere-de-cookies\\\/\",\"name\":\"Politique en mati\u00e8re de cookies - Pensiunea Popan\",\"isPartOf\":{\"@id\":\"https:\\\/\\\/pensiuneapopan.ro\\\/fr\\\/#website\"},\"datePublished\":\"2023-04-02T01:48:09+00:00\",\"dateModified\":\"2023-05-16T22:13:42+00:00\",\"breadcrumb\":{\"@id\":\"https:\\\/\\\/pensiuneapopan.ro\\\/fr\\\/politique-en-matiere-de-cookies\\\/#breadcrumb\"},\"inLanguage\":\"fr-FR\",\"potentialAction\":[{\"@type\":\"ReadAction\",\"target\":[\"https:\\\/\\\/pensiuneapopan.ro\\\/fr\\\/politique-en-matiere-de-cookies\\\/\"]}]},{\"@type\":\"BreadcrumbList\",\"@id\":\"https:\\\/\\\/pensiuneapopan.ro\\\/fr\\\/politique-en-matiere-de-cookies\\\/#breadcrumb\",\"itemListElement\":[{\"@type\":\"ListItem\",\"position\":1,\"name\":\"Prima pagin\u0103\",\"item\":\"https:\\\/\\\/pensiuneapopan.ro\\\/fr\\\/accueil\\\/\"},{\"@type\":\"ListItem\",\"position\":2,\"name\":\"Politique en mati\u00e8re de cookies\"}]},{\"@type\":\"WebSite\",\"@id\":\"https:\\\/\\\/pensiuneapopan.ro\\\/fr\\\/#website\",\"url\":\"https:\\\/\\\/pensiuneapopan.ro\\\/fr\\\/\",\"name\":\"Pensiunea Popan\",\"description\":\"Cazare in Cluj Napoca\",\"publisher\":{\"@id\":\"https:\\\/\\\/pensiuneapopan.ro\\\/fr\\\/#organization\"},\"potentialAction\":[{\"@type\":\"SearchAction\",\"target\":{\"@type\":\"EntryPoint\",\"urlTemplate\":\"https:\\\/\\\/pensiuneapopan.ro\\\/fr\\\/?s={search_term_string}\"},\"query-input\":{\"@type\":\"PropertyValueSpecification\",\"valueRequired\":true,\"valueName\":\"search_term_string\"}}],\"inLanguage\":\"fr-FR\"},{\"@type\":\"Organization\",\"@id\":\"https:\\\/\\\/pensiuneapopan.ro\\\/fr\\\/#organization\",\"name\":\"Pensiunea Popan\",\"url\":\"https:\\\/\\\/pensiuneapopan.ro\\\/fr\\\/\",\"logo\":{\"@type\":\"ImageObject\",\"inLanguage\":\"fr-FR\",\"@id\":\"https:\\\/\\\/pensiuneapopan.ro\\\/fr\\\/#\\\/schema\\\/logo\\\/image\\\/\",\"url\":\"https:\\\/\\\/pensiuneapopan.ro\\\/wp-content\\\/uploads\\\/2023\\\/04\\\/logo_popan.svg\",\"contentUrl\":\"https:\\\/\\\/pensiuneapopan.ro\\\/wp-content\\\/uploads\\\/2023\\\/04\\\/logo_popan.svg\",\"width\":469,\"height\":147,\"caption\":\"Pensiunea Popan\"},\"image\":{\"@id\":\"https:\\\/\\\/pensiuneapopan.ro\\\/fr\\\/#\\\/schema\\\/logo\\\/image\\\/\"}}]}<\/script>\n<!-- \/ Yoast SEO plugin. -->","yoast_head_json":{"title":"Politique en mati\u00e8re de cookies - Pensiunea Popan","robots":{"index":"index","follow":"follow","max-snippet":"max-snippet:-1","max-image-preview":"max-image-preview:large","max-video-preview":"max-video-preview:-1"},"canonical":"https:\/\/pensiuneapopan.ro\/fr\/politique-en-matiere-de-cookies\/","og_locale":"fr_FR","og_type":"article","og_title":"Politique en mati\u00e8re de cookies - Pensiunea Popan","og_description":"Politique de cookies du site www.pensiuneapopan.ro Ce site web utilise des cookies. La politique relative aux cookies explique ce que sont les cookies et comment nous les utilisons sur notre site Web. Vous devriez lire cette politique pour comprendre quel type de cookies nous utilisons, les informations que nous collectons \u00e0 l&rsquo;aide de cookies et [&hellip;]","og_url":"https:\/\/pensiuneapopan.ro\/fr\/politique-en-matiere-de-cookies\/","og_site_name":"Pensiunea Popan","article_modified_time":"2023-05-16T22:13:42+00:00","twitter_card":"summary_large_image","twitter_misc":{"Dur\u00e9e de lecture estim\u00e9e":"5 minutes"},"schema":{"@context":"https:\/\/schema.org","@graph":[{"@type":"WebPage","@id":"https:\/\/pensiuneapopan.ro\/fr\/politique-en-matiere-de-cookies\/","url":"https:\/\/pensiuneapopan.ro\/fr\/politique-en-matiere-de-cookies\/","name":"Politique en mati\u00e8re de cookies - Pensiunea Popan","isPartOf":{"@id":"https:\/\/pensiuneapopan.ro\/fr\/#website"},"datePublished":"2023-04-02T01:48:09+00:00","dateModified":"2023-05-16T22:13:42+00:00","breadcrumb":{"@id":"https:\/\/pensiuneapopan.ro\/fr\/politique-en-matiere-de-cookies\/#breadcrumb"},"inLanguage":"fr-FR","potentialAction":[{"@type":"ReadAction","target":["https:\/\/pensiuneapopan.ro\/fr\/politique-en-matiere-de-cookies\/"]}]},{"@type":"BreadcrumbList","@id":"https:\/\/pensiuneapopan.ro\/fr\/politique-en-matiere-de-cookies\/#breadcrumb","itemListElement":[{"@type":"ListItem","position":1,"name":"Prima pagin\u0103","item":"https:\/\/pensiuneapopan.ro\/fr\/accueil\/"},{"@type":"ListItem","position":2,"name":"Politique en mati\u00e8re de cookies"}]},{"@type":"WebSite","@id":"https:\/\/pensiuneapopan.ro\/fr\/#website","url":"https:\/\/pensiuneapopan.ro\/fr\/","name":"Pensiunea Popan","description":"Cazare in Cluj Napoca","publisher":{"@id":"https:\/\/pensiuneapopan.ro\/fr\/#organization"},"potentialAction":[{"@type":"SearchAction","target":{"@type":"EntryPoint","urlTemplate":"https:\/\/pensiuneapopan.ro\/fr\/?s={search_term_string}"},"query-input":{"@type":"PropertyValueSpecification","valueRequired":true,"valueName":"search_term_string"}}],"inLanguage":"fr-FR"},{"@type":"Organization","@id":"https:\/\/pensiuneapopan.ro\/fr\/#organization","name":"Pensiunea Popan","url":"https:\/\/pensiuneapopan.ro\/fr\/","logo":{"@type":"ImageObject","inLanguage":"fr-FR","@id":"https:\/\/pensiuneapopan.ro\/fr\/#\/schema\/logo\/image\/","url":"https:\/\/pensiuneapopan.ro\/wp-content\/uploads\/2023\/04\/logo_popan.svg","contentUrl":"https:\/\/pensiuneapopan.ro\/wp-content\/uploads\/2023\/04\/logo_popan.svg","width":469,"height":147,"caption":"Pensiunea Popan"},"image":{"@id":"https:\/\/pensiuneapopan.ro\/fr\/#\/schema\/logo\/image\/"}}]}},"_links":{"self":[{"href":"https:\/\/pensiuneapopan.ro\/fr\/wp-json\/wp\/v2\/pages\/823","targetHints":{"allow":["GET"]}}],"collection":[{"href":"https:\/\/pensiuneapopan.ro\/fr\/wp-json\/wp\/v2\/pages"}],"about":[{"href":"https:\/\/pensiuneapopan.ro\/fr\/wp-json\/wp\/v2\/types\/page"}],"author":[{"embeddable":true,"href":"https:\/\/pensiuneapopan.ro\/fr\/wp-json\/wp\/v2\/users\/1"}],"replies":[{"embeddable":true,"href":"https:\/\/pensiuneapopan.ro\/fr\/wp-json\/wp\/v2\/comments?post=823"}],"version-history":[{"count":2,"href":"https:\/\/pensiuneapopan.ro\/fr\/wp-json\/wp\/v2\/pages\/823\/revisions"}],"predecessor-version":[{"id":842,"href":"https:\/\/pensiuneapopan.ro\/fr\/wp-json\/wp\/v2\/pages\/823\/revisions\/842"}],"wp:attachment":[{"href":"https:\/\/pensiuneapopan.ro\/fr\/wp-json\/wp\/v2\/media?parent=823"}],"curies":[{"name":"wp","href":"https:\/\/api.w.org\/{rel}","templated":true}]}}