{"id":831,"date":"2023-04-02T01:48:22","date_gmt":"2023-04-02T01:48:22","guid":{"rendered":"https:\/\/pensiuneapopan.ro\/conditions-dutilisation\/"},"modified":"2023-05-16T22:12:41","modified_gmt":"2023-05-16T22:12:41","slug":"conditions-dutilisation","status":"publish","type":"page","link":"https:\/\/pensiuneapopan.ro\/fr\/conditions-dutilisation\/","title":{"rendered":"Conditions d&rsquo;utilisation"},"content":{"rendered":"\r\n<p>Le site www.pensiuneapopan.ro est g\u00e9r\u00e9 par SC Pensiunea Popan VT SRL, dont le si\u00e8ge est \u00e0 Cluj Napoca, 9 Ghe.Marinescu str.<\/p>\r\n<p>En utilisant ce site Web, vous acceptez ces conditions d&rsquo;utilisation\u00a0:<\/p>\r\n<p>Ce document d\u00e9finit les termes et conditions dans lesquels vous pouvez utiliser le site<\/p>\r\n<p>L&rsquo;acc\u00e8s et l&rsquo;utilisation du site sont soumis aux r\u00e8gles suivantes, dans les termes et conditions ci-dessous :<br \/>Le but autoris\u00e9 de l&rsquo;utilisation du site Web est d&rsquo;obtenir des informations et d&rsquo;acc\u00e9der aux services en ligne qui y sont propos\u00e9s. Toute utilisation \u00e0 d&rsquo;autres fins que celle-ci n&rsquo;est pas autoris\u00e9e.<br \/>L&rsquo;ensemble du contenu de ce site est sujet \u00e0 modification et vous est fourni \u00ab\u00a0tel quel\u00a0\u00bb sans garantie d&rsquo;aucune sorte, expresse ou implicite.<br \/>Lorsque vous acc\u00e9dez au site, veuillez lire la politique de confidentialit\u00e9 (lien)<br \/>Ce site utilise des cookies pour offrir aux utilisateurs des services de navigation meilleurs et adapt\u00e9s aux besoins et int\u00e9r\u00eats de chacun. Les cookies n&rsquo;identifient pas personnellement les internautes et peuvent \u00eatre d\u00e9sactiv\u00e9s, pour plus de d\u00e9tails, acc\u00e9dez \u00e0 la politique de cookies (lien).<br \/>Limitation de responsabilit\u00e9<\/p>\r\n<p>S&rsquo;il est consid\u00e9r\u00e9 que tout mat\u00e9riel mis \u00e0 disposition sur le site, publi\u00e9 par SC Pensiunea Popan VT SRL, par des tiers ou des utilisateurs, viole le droit d&rsquo;auteur ou toute autre loi en vigueur, il est n\u00e9cessaire de signaler cette situation \u00e0 contact@pensiuneapopan.ro.<\/p>\r\n<p>Il vous est demand\u00e9 de consulter r\u00e9guli\u00e8rement cette section pour \u00eatre au courant de tout changement apport\u00e9 par SC Pensiunea Popan VT SRL.<\/p>\r\n<p>Droit d&rsquo;auteur et propri\u00e9t\u00e9 intellectuelle<\/p>\r\n<p>Les droits de propri\u00e9t\u00e9 intellectuelle sur l&rsquo;ensemble du contenu du site, y compris, sans s&rsquo;y limiter, tous les textes, images, \u00e9l\u00e9ments graphiques, animations, \u00e9l\u00e9ments vid\u00e9o, sons, etc., formulaires joints et autres \u00e9l\u00e9ments similaires (Contenu), appartiennent exclusivement \u00e0 SC Pensiunea Popan VT SRL.<\/p>\r\n<p>CONFIDENTIALIT\u00c9<\/p>\r\n<p>Pensiunea Popan VT SRL ne collectera automatiquement aucune information ou donn\u00e9e permettant l&rsquo;identification de personnes physiques (par exemple: nom, adresse, num\u00e9ro de t\u00e9l\u00e9phone ou adresse e-mail &#8211; \u00ab\u00a0Donn\u00e9es personnelles\u00a0\u00bb) via le site Web, \u00e0 moins que ces informations ne soient fournies \u00e0 volontairement par les utilisateurs du site. Cette fourniture volontaire d&rsquo;informations sera consid\u00e9r\u00e9e et repr\u00e9sentera votre consentement expr\u00e8s pour que vos donn\u00e9es personnelles soient utilis\u00e9es par Pensiunea Popan VT SRL conform\u00e9ment aux termes du r\u00e8glement (UE) 2016\/679 (RGPD) et conform\u00e9ment \u00e0 la politique de confidentialit\u00e9 (lien ).<\/p>\r\n<p>Concernant vos donn\u00e9es, vous disposez des droits suivants : le droit d&rsquo;acc\u00e9der aux donn\u00e9es personnelles, le droit de les rectifier ou de les supprimer, le droit d&rsquo;en restreindre le traitement ou le droit de vous opposer au traitement, ainsi que le droit \u00e0 la portabilit\u00e9 des donn\u00e9es. La portabilit\u00e9 des donn\u00e9es signifie que vous pouvez nous demander de transf\u00e9rer toutes les donn\u00e9es que nous d\u00e9tenons \u00e0 une autre personne express\u00e9ment indiqu\u00e9e par vous.<\/p>\r\n<p>Pour soumettre une demande concernant vos donn\u00e9es personnelles par e-mail, courrier ou t\u00e9l\u00e9phone, veuillez utiliser les coordonn\u00e9es fournies. Nous r\u00e9pondrons \u00e0 vos demandes dans un d\u00e9lai maximum de 30 jours \u00e0 compter de la date de la demande.<\/p>\r\n<p>Force majeure<\/p>\r\n<p>Le site, les affili\u00e9s et, d&rsquo;une mani\u00e8re g\u00e9n\u00e9rale, les fournisseurs d&rsquo;informations au site ne peuvent \u00eatre tenus responsables de tout retard ou erreur dans le contenu fourni par nos publications, r\u00e9sultant directement ou indirectement de causes ind\u00e9pendantes de la volont\u00e9 du site. Cette exon\u00e9ration comprend, mais sans s&rsquo;y limiter\u00a0: les erreurs dans le fonctionnement des \u00e9quipements techniques, le non-fonctionnement de la connexion Internet, le non-fonctionnement des connexions t\u00e9l\u00e9phoniques, les virus informatiques, l&rsquo;acc\u00e8s non autoris\u00e9 aux syst\u00e8mes du site, les erreurs de fonctionnement, la gr\u00e8ve, etc.<\/p>\r\n<p>La loi r\u00e9gissant l&rsquo;accord<\/p>\r\n<p>Les droits et obligations des parties, impos\u00e9s par cet accord, ainsi que tous les effets juridiques produits par cet accord, seront interpr\u00e9t\u00e9s et r\u00e9gis par la loi roumaine en vigueur. Tout litige li\u00e9 \u00e0 cet accord sera port\u00e9 pour r\u00e9solution devant les tribunaux roumains.<\/p>\r\n<p>Provisions finales<\/p>\r\n<p>Les termes et conditions sont applicables au moment de l&rsquo;acc\u00e8s \u00e0 ce Site. Merci d&rsquo;avoir choisi d&rsquo;\u00eatre nos visiteurs!<\/p>\r\n","protected":false},"excerpt":{"rendered":"<p>Le site www.pensiuneapopan.ro est g\u00e9r\u00e9 par SC Pensiunea Popan VT SRL, dont le si\u00e8ge est \u00e0 Cluj Napoca, 9 Ghe.Marinescu str. En utilisant ce site Web, vous acceptez ces conditions d&rsquo;utilisation\u00a0: Ce document d\u00e9finit les termes et conditions dans lesquels vous pouvez utiliser le site L&rsquo;acc\u00e8s et l&rsquo;utilisation du site sont soumis aux r\u00e8gles suivantes, [&hellip;]<\/p>\n","protected":false},"author":1,"featured_media":0,"parent":0,"menu_order":12,"comment_status":"closed","ping_status":"closed","template":"","meta":{"footnotes":""},"class_list":["post-831","page","type-page","status-publish","hentry"],"acf":[],"yoast_head":"<!-- This site is optimized with the Yoast SEO plugin v21.8 - https:\/\/yoast.com\/wordpress\/plugins\/seo\/ -->\n<title>Conditions d&#039;utilisation - Pensiunea Popan<\/title>\n<meta name=\"robots\" content=\"index, follow, max-snippet:-1, max-image-preview:large, max-video-preview:-1\" \/>\n<link rel=\"canonical\" href=\"https:\/\/pensiuneapopan.ro\/fr\/conditions-dutilisation\/\" \/>\n<meta property=\"og:locale\" content=\"fr_FR\" \/>\n<meta property=\"og:type\" content=\"article\" \/>\n<meta property=\"og:title\" content=\"Conditions d&#039;utilisation - Pensiunea Popan\" \/>\n<meta property=\"og:description\" content=\"Le site www.pensiuneapopan.ro est g\u00e9r\u00e9 par SC Pensiunea Popan VT SRL, dont le si\u00e8ge est \u00e0 Cluj Napoca, 9 Ghe.Marinescu str. En utilisant ce site Web, vous acceptez ces conditions d&rsquo;utilisation\u00a0: Ce document d\u00e9finit les termes et conditions dans lesquels vous pouvez utiliser le site L&rsquo;acc\u00e8s et l&rsquo;utilisation du site sont soumis aux r\u00e8gles suivantes, [&hellip;]\" \/>\n<meta property=\"og:url\" content=\"https:\/\/pensiuneapopan.ro\/fr\/conditions-dutilisation\/\" \/>\n<meta property=\"og:site_name\" content=\"Pensiunea Popan\" \/>\n<meta property=\"article:modified_time\" content=\"2023-05-16T22:12:41+00:00\" \/>\n<meta name=\"twitter:card\" content=\"summary_large_image\" \/>\n<meta name=\"twitter:label1\" content=\"Dur\u00e9e de lecture estim\u00e9e\" \/>\n\t<meta name=\"twitter:data1\" content=\"4 minutes\" \/>\n<script type=\"application\/ld+json\" class=\"yoast-schema-graph\">{\"@context\":\"https:\/\/schema.org\",\"@graph\":[{\"@type\":\"WebPage\",\"@id\":\"https:\/\/pensiuneapopan.ro\/fr\/conditions-dutilisation\/\",\"url\":\"https:\/\/pensiuneapopan.ro\/fr\/conditions-dutilisation\/\",\"name\":\"Conditions d'utilisation - Pensiunea Popan\",\"isPartOf\":{\"@id\":\"https:\/\/pensiuneapopan.ro\/fr\/#website\"},\"datePublished\":\"2023-04-02T01:48:22+00:00\",\"dateModified\":\"2023-05-16T22:12:41+00:00\",\"breadcrumb\":{\"@id\":\"https:\/\/pensiuneapopan.ro\/fr\/conditions-dutilisation\/#breadcrumb\"},\"inLanguage\":\"fr-FR\",\"potentialAction\":[{\"@type\":\"ReadAction\",\"target\":[\"https:\/\/pensiuneapopan.ro\/fr\/conditions-dutilisation\/\"]}]},{\"@type\":\"BreadcrumbList\",\"@id\":\"https:\/\/pensiuneapopan.ro\/fr\/conditions-dutilisation\/#breadcrumb\",\"itemListElement\":[{\"@type\":\"ListItem\",\"position\":1,\"name\":\"Prima pagin\u0103\",\"item\":\"https:\/\/pensiuneapopan.ro\/fr\/accueil\/\"},{\"@type\":\"ListItem\",\"position\":2,\"name\":\"Conditions d&#8217;utilisation\"}]},{\"@type\":\"WebSite\",\"@id\":\"https:\/\/pensiuneapopan.ro\/fr\/#website\",\"url\":\"https:\/\/pensiuneapopan.ro\/fr\/\",\"name\":\"Pensiunea Popan\",\"description\":\"Cazare in Cluj Napoca\",\"publisher\":{\"@id\":\"https:\/\/pensiuneapopan.ro\/fr\/#organization\"},\"potentialAction\":[{\"@type\":\"SearchAction\",\"target\":{\"@type\":\"EntryPoint\",\"urlTemplate\":\"https:\/\/pensiuneapopan.ro\/fr\/?s={search_term_string}\"},\"query-input\":\"required name=search_term_string\"}],\"inLanguage\":\"fr-FR\"},{\"@type\":\"Organization\",\"@id\":\"https:\/\/pensiuneapopan.ro\/fr\/#organization\",\"name\":\"Pensiunea Popan\",\"url\":\"https:\/\/pensiuneapopan.ro\/fr\/\",\"logo\":{\"@type\":\"ImageObject\",\"inLanguage\":\"fr-FR\",\"@id\":\"https:\/\/pensiuneapopan.ro\/fr\/#\/schema\/logo\/image\/\",\"url\":\"https:\/\/pensiuneapopan.ro\/wp-content\/uploads\/2023\/04\/logo_popan.svg\",\"contentUrl\":\"https:\/\/pensiuneapopan.ro\/wp-content\/uploads\/2023\/04\/logo_popan.svg\",\"width\":469,\"height\":147,\"caption\":\"Pensiunea Popan\"},\"image\":{\"@id\":\"https:\/\/pensiuneapopan.ro\/fr\/#\/schema\/logo\/image\/\"}}]}<\/script>\n<!-- \/ Yoast SEO plugin. -->","yoast_head_json":{"title":"Conditions d'utilisation - Pensiunea Popan","robots":{"index":"index","follow":"follow","max-snippet":"max-snippet:-1","max-image-preview":"max-image-preview:large","max-video-preview":"max-video-preview:-1"},"canonical":"https:\/\/pensiuneapopan.ro\/fr\/conditions-dutilisation\/","og_locale":"fr_FR","og_type":"article","og_title":"Conditions d'utilisation - Pensiunea Popan","og_description":"Le site www.pensiuneapopan.ro est g\u00e9r\u00e9 par SC Pensiunea Popan VT SRL, dont le si\u00e8ge est \u00e0 Cluj Napoca, 9 Ghe.Marinescu str. En utilisant ce site Web, vous acceptez ces conditions d&rsquo;utilisation\u00a0: Ce document d\u00e9finit les termes et conditions dans lesquels vous pouvez utiliser le site L&rsquo;acc\u00e8s et l&rsquo;utilisation du site sont soumis aux r\u00e8gles suivantes, [&hellip;]","og_url":"https:\/\/pensiuneapopan.ro\/fr\/conditions-dutilisation\/","og_site_name":"Pensiunea Popan","article_modified_time":"2023-05-16T22:12:41+00:00","twitter_card":"summary_large_image","twitter_misc":{"Dur\u00e9e de lecture estim\u00e9e":"4 minutes"},"schema":{"@context":"https:\/\/schema.org","@graph":[{"@type":"WebPage","@id":"https:\/\/pensiuneapopan.ro\/fr\/conditions-dutilisation\/","url":"https:\/\/pensiuneapopan.ro\/fr\/conditions-dutilisation\/","name":"Conditions d'utilisation - Pensiunea Popan","isPartOf":{"@id":"https:\/\/pensiuneapopan.ro\/fr\/#website"},"datePublished":"2023-04-02T01:48:22+00:00","dateModified":"2023-05-16T22:12:41+00:00","breadcrumb":{"@id":"https:\/\/pensiuneapopan.ro\/fr\/conditions-dutilisation\/#breadcrumb"},"inLanguage":"fr-FR","potentialAction":[{"@type":"ReadAction","target":["https:\/\/pensiuneapopan.ro\/fr\/conditions-dutilisation\/"]}]},{"@type":"BreadcrumbList","@id":"https:\/\/pensiuneapopan.ro\/fr\/conditions-dutilisation\/#breadcrumb","itemListElement":[{"@type":"ListItem","position":1,"name":"Prima pagin\u0103","item":"https:\/\/pensiuneapopan.ro\/fr\/accueil\/"},{"@type":"ListItem","position":2,"name":"Conditions d&#8217;utilisation"}]},{"@type":"WebSite","@id":"https:\/\/pensiuneapopan.ro\/fr\/#website","url":"https:\/\/pensiuneapopan.ro\/fr\/","name":"Pensiunea Popan","description":"Cazare in Cluj Napoca","publisher":{"@id":"https:\/\/pensiuneapopan.ro\/fr\/#organization"},"potentialAction":[{"@type":"SearchAction","target":{"@type":"EntryPoint","urlTemplate":"https:\/\/pensiuneapopan.ro\/fr\/?s={search_term_string}"},"query-input":"required name=search_term_string"}],"inLanguage":"fr-FR"},{"@type":"Organization","@id":"https:\/\/pensiuneapopan.ro\/fr\/#organization","name":"Pensiunea Popan","url":"https:\/\/pensiuneapopan.ro\/fr\/","logo":{"@type":"ImageObject","inLanguage":"fr-FR","@id":"https:\/\/pensiuneapopan.ro\/fr\/#\/schema\/logo\/image\/","url":"https:\/\/pensiuneapopan.ro\/wp-content\/uploads\/2023\/04\/logo_popan.svg","contentUrl":"https:\/\/pensiuneapopan.ro\/wp-content\/uploads\/2023\/04\/logo_popan.svg","width":469,"height":147,"caption":"Pensiunea Popan"},"image":{"@id":"https:\/\/pensiuneapopan.ro\/fr\/#\/schema\/logo\/image\/"}}]}},"_links":{"self":[{"href":"https:\/\/pensiuneapopan.ro\/fr\/wp-json\/wp\/v2\/pages\/831","targetHints":{"allow":["GET"]}}],"collection":[{"href":"https:\/\/pensiuneapopan.ro\/fr\/wp-json\/wp\/v2\/pages"}],"about":[{"href":"https:\/\/pensiuneapopan.ro\/fr\/wp-json\/wp\/v2\/types\/page"}],"author":[{"embeddable":true,"href":"https:\/\/pensiuneapopan.ro\/fr\/wp-json\/wp\/v2\/users\/1"}],"replies":[{"embeddable":true,"href":"https:\/\/pensiuneapopan.ro\/fr\/wp-json\/wp\/v2\/comments?post=831"}],"version-history":[{"count":2,"href":"https:\/\/pensiuneapopan.ro\/fr\/wp-json\/wp\/v2\/pages\/831\/revisions"}],"predecessor-version":[{"id":840,"href":"https:\/\/pensiuneapopan.ro\/fr\/wp-json\/wp\/v2\/pages\/831\/revisions\/840"}],"wp:attachment":[{"href":"https:\/\/pensiuneapopan.ro\/fr\/wp-json\/wp\/v2\/media?parent=831"}],"curies":[{"name":"wp","href":"https:\/\/api.w.org\/{rel}","templated":true}]}}